{"id":1471,"date":"2024-03-25T13:35:32","date_gmt":"2024-03-25T13:35:32","guid":{"rendered":"https:\/\/pyromantic.show\/?page_id=1471"},"modified":"2025-11-05T14:09:50","modified_gmt":"2025-11-05T14:09:50","slug":"landing-test","status":"publish","type":"page","link":"https:\/\/pyromantic.show\/de\/","title":{"rendered":"HOME"},"content":{"rendered":"<p class=\"wp-embed-aspect-16-9 wp-has-aspect-ratio\"><\/p>\n\n\n\n<div style=\"height:30px\" aria-hidden=\"true\" class=\"wp-block-spacer\"><\/div>\n\n\n\n<h3 class=\"wp-block-heading has-text-align-center\">\u201eJede hinreichend fortgeschrittene Technologie ist von Magie nicht zu unterscheiden.\u201c<\/h3>\n\n\n\n<h5 class=\"wp-block-heading has-text-align-center has-white-color has-text-color has-link-color wp-elements-83c9c7acf518fcaf96c025c42d42206d\">&#8211; <strong>Arthur C.<\/strong>&nbsp;<strong>Clarke<\/strong><\/h5>\n\n\n\n<div style=\"height:140px\" aria-hidden=\"true\" class=\"wp-block-spacer\"><\/div>\n\n\n\n<figure class=\"wp-block-embed alignwide is-type-video is-provider-vimeo wp-block-embed-vimeo wp-embed-aspect-16-9 wp-has-aspect-ratio\"><div class=\"wp-block-embed__wrapper\">\n<iframe loading=\"lazy\" title=\"PYROMANTIC LIVING LIGHTS\" src=\"https:\/\/player.vimeo.com\/video\/927570133?dnt=1&amp;app_id=122963\" width=\"1400\" height=\"788\" frameborder=\"0\" allow=\"autoplay; fullscreen; picture-in-picture; clipboard-write; encrypted-media; web-share\" referrerpolicy=\"strict-origin-when-cross-origin\"><\/iframe>\n<\/div><\/figure>\n\n\n\n<div style=\"height:100px\" aria-hidden=\"true\" class=\"wp-block-spacer\"><\/div>\n\n\n\n<div class=\"wp-block-columns alignwide is-layout-flex wp-container-core-columns-is-layout-829b1d53 wp-block-columns-is-layout-flex\" style=\"margin-bottom:0\">\n<div class=\"wp-block-column has-vivid-purple-background-color has-text-color has-background has-link-color wp-elements-d54647e0eedb7d2434554c558b01cdcc is-layout-flow wp-block-column-is-layout-flow\" style=\"color:#000000;padding-top:2em;padding-right:2em;padding-bottom:2em;padding-left:2em\">\n<h2 class=\"wp-block-heading\" id=\"single\" style=\"font-size:40px\"><strong><strong>LICHT<\/strong> SHOW<\/strong><\/h2>\n\n\n\n<h1 class=\"wp-block-heading has-large-font-size\">Erleben Sie die faszinierende Essenz von \u201eLiving Lights\u201c, wo Beleuchtung und Kunst miteinander verschmelzen.<\/h1>\n\n\n\n<div style=\"height:50px\" aria-hidden=\"true\" class=\"wp-block-spacer\"><\/div>\n\n\n\n<hr class=\"wp-block-separator has-text-color has-css-opacity has-background is-style-wide\" style=\"background-color:#000000;color:#000000\"\/>\n\n\n\n<ul class=\"wp-block-list has-normal-font-size\">\n<li class=\"has-medium-font-size\">20 minutes <strong>high-tech<\/strong> programmed, <strong>choreographed light show<\/strong><\/li>\n\n\n\n<li class=\"has-medium-font-size\">Your<strong> logo in the show<\/strong><\/li>\n\n\n\n<li class=\"has-medium-font-size\">Indoor &amp; Outdoor<\/li>\n<\/ul>\n\n\n\n<div style=\"height:50px\" aria-hidden=\"true\" class=\"wp-block-spacer\"><\/div>\n\n\n\n<div class=\"wp-block-buttons is-horizontal is-content-justification-center is-layout-flex wp-container-core-buttons-is-layout-499968f5 wp-block-buttons-is-layout-flex\">\n<div class=\"wp-block-button\"><a class=\"wp-block-button__link has-white-color has-black-background-color has-text-color has-background has-custom-font-size wp-element-button\" href=\"https:\/\/pyromantic.show\/de\/?page_id=1535\" style=\"border-radius:0px;border-top-style:none;border-top-width:0px;border-right-style:none;border-right-width:0px;border-bottom-style:none;border-bottom-width:0px;border-left-style:none;border-left-width:0px;padding-top:14px;padding-right:36px;padding-bottom:14px;padding-left:36px;font-size:17px;font-style:normal;font-weight:700;letter-spacing:0px;text-decoration:none;text-transform:uppercase\">Mehr erfahren<\/a><\/div>\n<\/div>\n<\/div>\n\n\n\n<div class=\"wp-block-column has-luminous-vivid-amber-background-color has-text-color has-background has-link-color wp-elements-22173db3082d50882d20ee1120da4cbf is-layout-flow wp-block-column-is-layout-flow\" style=\"color:#000000;padding-top:2em;padding-right:2em;padding-bottom:2em;padding-left:2em\">\n<h2 class=\"wp-block-heading\" id=\"patron\" style=\"font-size:40px\"><strong><strong>FEUER SHOW<\/strong><\/strong><\/h2>\n\n\n\n<h1 class=\"wp-block-heading has-large-font-size\">Feel the heat and witness the spectacle as flames dance in our mesmerizing fire show.<\/h1>\n\n\n\n<div style=\"height:50px\" aria-hidden=\"true\" class=\"wp-block-spacer\"><\/div>\n\n\n\n<hr class=\"wp-block-separator has-css-opacity is-style-wide\"\/>\n\n\n\n<ul class=\"wp-block-list has-normal-font-size\">\n<li class=\"has-medium-font-size\">20 minutes of <strong>fire blasting solo and duo acts<\/strong><\/li>\n\n\n\n<li class=\"has-medium-font-size\">Fire, spark and<strong> special effects<\/strong> <\/li>\n\n\n\n<li class=\"has-medium-font-size\">Your <strong>logo in the show<\/strong><\/li>\n\n\n\n<li class=\"has-medium-font-size\">Outdoor<\/li>\n<\/ul>\n\n\n\n<div style=\"height:50px\" aria-hidden=\"true\" class=\"wp-block-spacer\"><\/div>\n\n\n\n<div class=\"wp-block-buttons is-horizontal is-content-justification-center is-layout-flex wp-container-core-buttons-is-layout-499968f5 wp-block-buttons-is-layout-flex\">\n<div class=\"wp-block-button\"><a class=\"wp-block-button__link has-white-color has-black-background-color has-text-color has-background has-custom-font-size wp-element-button\" href=\"https:\/\/pyromantic.show\/de\/?page_id=1540\" style=\"border-radius:0px;border-top-style:none;border-top-width:0px;border-right-style:none;border-right-width:0px;border-bottom-style:none;border-bottom-width:0px;border-left-style:none;border-left-width:0px;padding-top:14px;padding-right:36px;padding-bottom:14px;padding-left:36px;font-size:17px;font-style:normal;font-weight:700;letter-spacing:0px;text-decoration:none;text-transform:uppercase\">Mehr erfahren<\/a><\/div>\n<\/div>\n<\/div>\n<\/div>\n\n\n\n<div style=\"height:193px\" aria-hidden=\"true\" class=\"wp-block-spacer\"><\/div>\n\n\n\n<h2 class=\"wp-block-heading has-text-align-center\">Warum Sie es lieben werden<\/h2>\n\n\n\n<h5 class=\"wp-block-heading alignwide has-text-align-center has-white-color has-text-color has-link-color wp-elements-21c204fb00c1efd1f75378b569573d3d\" id=\"we-re-a-studio-in-berlin-with-an-international-practice-in-architecture-urban-planning-and-interior-design-we-believe-in-sharing-knowledge-and-promoting-dialogue-to-increase-the-creative-potential-of-collaboration\" style=\"line-height:1.1\">Wir leben daf\u00fcr, die Grenzen des M\u00f6glichen zu erweitern.<\/h5>\n\n\n\n<div class=\"wp-block-columns is-layout-flex wp-container-core-columns-is-layout-9d6595d7 wp-block-columns-is-layout-flex\">\n<div class=\"wp-block-column has-white-color has-text-color has-link-color wp-elements-c3f9cd11b21fc196bdedc20b024b7b8c is-layout-flow wp-block-column-is-layout-flow\">\n<p style=\"font-size:19px\">Wir sind Sch\u00f6pfer von unvergesslichen Erlebnissen. Als K\u00fcnstlerduo steht unsere Leidenschaft f\u00fcr Innovation und Kreativit\u00e4t im Mittelpunkt unserer Arbeit. Als Gesch\u00e4ftspartner arbeiten wir zuverl\u00e4ssig und unabh\u00e4ngig und k\u00f6nnen auf langj\u00e4hrige Erfahrung zur\u00fcckgreifen.<br>Unvergleichliche Kreativit\u00e4t: Wir leben daf\u00fcr, die Grenzen des M\u00f6glichen zu erweitern. Jede Auff\u00fchrung ist eine einzigartige Verschmelzung von Kunst, Technologie und Fantasie. Wir lieben es, uns in die Details zu vertiefen, mit modernsten Tools zu spielen, zu programmieren und atemberaubende Szenen zu kreieren.<\/p>\n\n\n\n<p style=\"font-size:19px\">Erfinderische Konzepte: Unsere Shows sind mehr als nur Auff\u00fchrungen; sie sind Geschichten der Evolution, die mit Feuer und Licht zum Leben erweckt werden. Wir erfinden neue Tools und Konzepte, um sicherzustellen, dass jede Show ein frisches, originelles Erlebnis ist, das speziell auf Ihre Veranstaltung zugeschnitten ist.<\/p>\n\n\n\n<p><\/p>\n<\/div>\n\n\n\n<div class=\"wp-block-column has-white-color has-text-color has-link-color wp-elements-779836958b52552dfa69b42b5e6f5266 is-layout-flow wp-block-column-is-layout-flow\">\n<p style=\"font-size:19px\">Energie und Leidenschaft: Unsere Liebe zu unserem Handwerk ist bei jedem Auftritt sp\u00fcrbar. Die Energie, die wir auf die B\u00fchne bringen, ist ansteckend und schafft eine elektrisierende Atmosph\u00e4re, die jeden in ihren Bann zieht. Wir leben f\u00fcr die Momente, in denen wir das Erstaunen und die Begeisterung in den Augen unseres Publikums sehen.<\/p>\n\n\n\n<p style=\"font-size:19px\">Magische Erlebnisse: Wir glauben an die Kraft der Magie, die Sie f\u00fcr eine Weile die Welt vergessen l\u00e4sst und Sie in pures Staunen versetzt. Unsere Shows sind darauf ausgelegt, Ihnen etwas Au\u00dfergew\u00f6hnliches zu bieten, Ihre Fantasie anzuregen und Ihnen bleibende Erinnerungen zu hinterlassen.<\/p>\n<\/div>\n<\/div>\n\n\n\n<div style=\"height:67px\" aria-hidden=\"true\" class=\"wp-block-spacer\"><\/div>\n\n\n\n<figure class=\"wp-block-gallery alignfull has-nested-images columns-3 is-cropped wp-block-gallery-1 is-layout-flex wp-block-gallery-is-layout-flex\">\n<figure class=\"wp-block-image size-full\"><img loading=\"lazy\" decoding=\"async\" width=\"2560\" height=\"2560\" data-id=\"1962\" src=\"https:\/\/pyromantic.show\/wp-content\/uploads\/2024\/05\/PyromanticLED_CamilleLaVerde_WithoutLogo_022-scaled.jpg\" alt=\"\" class=\"wp-image-1962\" srcset=\"https:\/\/pyromantic.show\/wp-content\/uploads\/2024\/05\/PyromanticLED_CamilleLaVerde_WithoutLogo_022-scaled.jpg 2560w, https:\/\/pyromantic.show\/wp-content\/uploads\/2024\/05\/PyromanticLED_CamilleLaVerde_WithoutLogo_022-300x300.jpg 300w, https:\/\/pyromantic.show\/wp-content\/uploads\/2024\/05\/PyromanticLED_CamilleLaVerde_WithoutLogo_022-1024x1024.jpg 1024w, https:\/\/pyromantic.show\/wp-content\/uploads\/2024\/05\/PyromanticLED_CamilleLaVerde_WithoutLogo_022-150x150.jpg 150w, https:\/\/pyromantic.show\/wp-content\/uploads\/2024\/05\/PyromanticLED_CamilleLaVerde_WithoutLogo_022-768x768.jpg 768w, https:\/\/pyromantic.show\/wp-content\/uploads\/2024\/05\/PyromanticLED_CamilleLaVerde_WithoutLogo_022-1536x1536.jpg 1536w, https:\/\/pyromantic.show\/wp-content\/uploads\/2024\/05\/PyromanticLED_CamilleLaVerde_WithoutLogo_022-2048x2048.jpg 2048w\" sizes=\"auto, (max-width: 2560px) 100vw, 2560px\" \/><\/figure>\n\n\n\n<figure class=\"wp-block-image size-full\"><img loading=\"lazy\" decoding=\"async\" width=\"400\" height=\"600\" data-id=\"1940\" src=\"https:\/\/pyromantic.show\/wp-content\/uploads\/2024\/05\/PyromanticLED_CamilleLaVerde_WithoutLogo_002.jpg\" alt=\"\" class=\"wp-image-1940\" srcset=\"https:\/\/pyromantic.show\/wp-content\/uploads\/2024\/05\/PyromanticLED_CamilleLaVerde_WithoutLogo_002.jpg 400w, https:\/\/pyromantic.show\/wp-content\/uploads\/2024\/05\/PyromanticLED_CamilleLaVerde_WithoutLogo_002-200x300.jpg 200w\" sizes=\"auto, (max-width: 400px) 100vw, 400px\" \/><\/figure>\n\n\n\n<figure class=\"wp-block-image size-full\"><img loading=\"lazy\" decoding=\"async\" width=\"667\" height=\"1000\" data-id=\"1948\" src=\"https:\/\/pyromantic.show\/wp-content\/uploads\/2024\/05\/PyromanticFire_CamilleLaVerde_WithoutLogo_018.jpg\" alt=\"\" class=\"wp-image-1948\" srcset=\"https:\/\/pyromantic.show\/wp-content\/uploads\/2024\/05\/PyromanticFire_CamilleLaVerde_WithoutLogo_018.jpg 667w, https:\/\/pyromantic.show\/wp-content\/uploads\/2024\/05\/PyromanticFire_CamilleLaVerde_WithoutLogo_018-200x300.jpg 200w\" sizes=\"auto, (max-width: 667px) 100vw, 667px\" \/><\/figure>\n<\/figure>\n\n\n\n<div style=\"height:171px\" aria-hidden=\"true\" class=\"wp-block-spacer\"><\/div>\n\n\n\n<h2 class=\"wp-block-heading has-text-align-left\">Professionalit\u00e4t mit Herz.<\/h2>\n\n\n\n<p class=\"has-white-color has-text-color has-link-color wp-elements-ad534e0f76c8a175f066147527a84e8f\" style=\"font-size:19px\">Willkommen bei Pyromantic - wir sind Anja und Mika<\/p>\n\n\n\n<p class=\"has-white-color has-text-color has-link-color wp-elements-1b7792cda6a4e4e586bba0b9f4c8eb33\" style=\"font-size:19px\">Als Duo verk\u00f6rpern wir die Verschmelzung von Kreativit\u00e4t, Charisma und Fachwissen, um diese einzigartigen und unvergesslichen Momente zu schaffen.<br>Unsere gemeinsame Leidenschaft f\u00fcr performative Kunst, Feuer, Licht und Spiel hat uns zu einem dynamischen Team geformt, das sich in den Bereichen Kompetenz und Vision perfekt erg\u00e4nzt. <\/p>\n\n\n\n<p class=\"has-white-color has-text-color has-link-color wp-elements-6bb47da277ffcac3547f685ac486a00c\" style=\"font-size:19px\">M\u00f6chten Sie mehr \u00fcber uns erfahren?<\/p>\n\n\n\n<div class=\"wp-block-buttons is-content-justification-left is-layout-flex wp-container-core-buttons-is-layout-fdcfc74e wp-block-buttons-is-layout-flex\">\n<div class=\"wp-block-button has-custom-width wp-block-button__width-25 is-style-outline is-style-outline--2\"><a class=\"wp-block-button__link has-custom-font-size wp-element-button\" href=\"https:\/\/pyromantic.show\/de\/?page_id=56\" style=\"border-radius:0px;padding-top:14px;padding-right:36px;padding-bottom:14px;padding-left:36px;font-size:17px;font-style:normal;font-weight:700;letter-spacing:0px;text-decoration:none;text-transform:uppercase\">\u00dcBER UNS<\/a><\/div>\n<\/div>\n\n\n\n<div style=\"height:263px\" aria-hidden=\"true\" class=\"wp-block-spacer\"><\/div>\n\n\n\n<div class=\"wp-block-cover alignfull\" style=\"margin-top:0;padding-top:5vw;padding-right:5vw;padding-bottom:5vw;padding-left:5vw\"><span aria-hidden=\"true\" class=\"wp-block-cover__background has-vivid-purple-background-color has-background-dim-100 has-background-dim\"><\/span><div class=\"wp-block-cover__inner-container is-layout-flow wp-block-cover-is-layout-flow\">\n<div class=\"wp-block-group is-layout-flex wp-container-core-group-is-layout-87ee99ac wp-block-group-is-layout-flex\">\n<div class=\"wp-block-columns is-layout-flex wp-container-core-columns-is-layout-9d6595d7 wp-block-columns-is-layout-flex\">\n<div class=\"wp-block-column is-layout-flow wp-block-column-is-layout-flow\" style=\"flex-basis:50%\">\n<div class=\"wp-block-group wp-container-content-8eb0bdf3\"><div class=\"wp-block-group__inner-container is-layout-flow wp-block-group-is-layout-flow\">\n<p class=\"wp-container-content-aeb25491\" style=\"font-size:37px;font-style:normal;font-weight:300;letter-spacing:0px;line-height:1.4;text-decoration:none;text-transform:none\"><strong>Bring me your light!<\/strong><\/p>\n\n\n\n<p class=\"wp-container-content-aeb25491\" style=\"font-size:25px;font-style:normal;font-weight:300;letter-spacing:0px;line-height:1.4;text-decoration:none;text-transform:none\">This show is exactly what you&#8217;re looking for? Get a free and non-binding offer.<\/p>\n\n\n\n<div class=\"wp-block-buttons is-layout-flex wp-block-buttons-is-layout-flex\">\n<div class=\"wp-block-button has-custom-width wp-block-button__width-50\"><a class=\"wp-block-button__link has-white-color has-black-background-color has-text-color has-background has-custom-font-size wp-element-button\" href=\"https:\/\/z4nw9ew8v9v.typeform.com\/to\/YB7mhHHp\" style=\"border-radius:0px;border-top-style:none;border-top-width:0px;border-right-style:none;border-right-width:0px;border-bottom-style:none;border-bottom-width:0px;border-left-style:none;border-left-width:0px;padding-top:14px;padding-right:36px;padding-bottom:14px;padding-left:36px;font-size:17px;font-style:normal;font-weight:700;letter-spacing:0px;text-decoration:none;text-transform:uppercase\" target=\"_blank\" rel=\"noreferrer noopener\">BOOK NOW<\/a><\/div>\n<\/div>\n<\/div><\/div>\n<\/div>\n\n\n\n<div class=\"wp-block-column is-layout-flow wp-block-column-is-layout-flow\" style=\"flex-basis:50%\">\n<p class=\"has-text-align-right has-black-color has-text-color\" style=\"font-size:148px;font-style:normal;font-weight:700;letter-spacing:-4px;line-height:0.8;text-transform:uppercase\">GET<\/p>\n\n\n\n<p class=\"has-text-align-right has-white-color has-text-color\" style=\"font-size:148px;font-style:normal;font-weight:700;letter-spacing:-4px;line-height:0.8;text-transform:uppercase\">YOUR MAGIC<\/p>\n<\/div>\n<\/div>\n\n\n\n<div class=\"wp-block-group wp-container-content-9cfa9a5a\"><div class=\"wp-block-group__inner-container is-layout-flow wp-block-group-is-layout-flow\"><\/div><\/div>\n<\/div>\n<\/div><\/div>\n\n\n\n<div style=\"height:100px\" aria-hidden=\"true\" class=\"wp-block-spacer\"><\/div>\n\n\n\n<h2 class=\"wp-block-heading has-text-align-center\">Clients love<\/h2>\n\n\n<div class=\"themerain-block-slider alignfull\"><div class=\"swiper-container\" data-columns=\"5\" data-space=\"20\" data-autoplay=\"1\" data-loop=\"1\" data-center=\"1\"><div class=\"swiper-wrapper\"><div class=\"swiper-slide\"><div style=\"--aspect-ratio: 16\/9;\"><img loading=\"lazy\" decoding=\"async\" width=\"320\" height=\"320\" src=\"https:\/\/pyromantic.show\/wp-content\/uploads\/2019\/12\/logo-8.png\" class=\"attachment-full size-full\" alt=\"\" srcset=\"https:\/\/pyromantic.show\/wp-content\/uploads\/2019\/12\/logo-8.png 320w, https:\/\/pyromantic.show\/wp-content\/uploads\/2019\/12\/logo-8-300x300.png 300w, https:\/\/pyromantic.show\/wp-content\/uploads\/2019\/12\/logo-8-150x150.png 150w\" sizes=\"auto, (max-width: 320px) 100vw, 320px\" \/><\/div><\/div><div class=\"swiper-slide\"><div style=\"--aspect-ratio: 16\/9;\"><img loading=\"lazy\" decoding=\"async\" width=\"320\" height=\"320\" src=\"https:\/\/pyromantic.show\/wp-content\/uploads\/2019\/12\/logo-6.png\" class=\"attachment-full size-full\" alt=\"\" srcset=\"https:\/\/pyromantic.show\/wp-content\/uploads\/2019\/12\/logo-6.png 320w, https:\/\/pyromantic.show\/wp-content\/uploads\/2019\/12\/logo-6-300x300.png 300w, https:\/\/pyromantic.show\/wp-content\/uploads\/2019\/12\/logo-6-150x150.png 150w\" sizes=\"auto, (max-width: 320px) 100vw, 320px\" \/><\/div><\/div><div class=\"swiper-slide\"><div style=\"--aspect-ratio: 16\/9;\"><img loading=\"lazy\" decoding=\"async\" width=\"320\" height=\"320\" src=\"https:\/\/pyromantic.show\/wp-content\/uploads\/2019\/12\/logo-5.png\" class=\"attachment-full size-full\" alt=\"\" srcset=\"https:\/\/pyromantic.show\/wp-content\/uploads\/2019\/12\/logo-5.png 320w, https:\/\/pyromantic.show\/wp-content\/uploads\/2019\/12\/logo-5-300x300.png 300w, https:\/\/pyromantic.show\/wp-content\/uploads\/2019\/12\/logo-5-150x150.png 150w\" sizes=\"auto, (max-width: 320px) 100vw, 320px\" \/><\/div><\/div><div class=\"swiper-slide\"><div style=\"--aspect-ratio: 16\/9;\"><img loading=\"lazy\" decoding=\"async\" width=\"320\" height=\"320\" src=\"https:\/\/pyromantic.show\/wp-content\/uploads\/2019\/12\/logo-1.png\" class=\"attachment-full size-full\" alt=\"\" srcset=\"https:\/\/pyromantic.show\/wp-content\/uploads\/2019\/12\/logo-1.png 320w, https:\/\/pyromantic.show\/wp-content\/uploads\/2019\/12\/logo-1-300x300.png 300w, https:\/\/pyromantic.show\/wp-content\/uploads\/2019\/12\/logo-1-150x150.png 150w\" sizes=\"auto, (max-width: 320px) 100vw, 320px\" \/><\/div><\/div><\/div><\/div><\/div>\n\n\n<div style=\"height:100px\" aria-hidden=\"true\" class=\"wp-block-spacer\"><\/div>\n\n\n\n<div class=\"wp-block-cover alignfull has-parallax has-large-font-size\" style=\"min-height:650px;aspect-ratio:unset;\"><div class=\"wp-block-cover__image-background wp-image-1584 has-parallax\" style=\"background-position:50% 50%;background-image:url(https:\/\/pyromantic.show\/wp-content\/uploads\/2024\/04\/PyromanticLED_CamilleLaVerde_WithoutLogo_003-2.jpg)\"><\/div><span aria-hidden=\"true\" class=\"wp-block-cover__background has-background-dim-0 has-background-dim\" style=\"background-color:#403336\"><\/span><div class=\"wp-block-cover__inner-container is-layout-flow wp-block-cover-is-layout-flow\">\n<p class=\"has-text-align-center has-large-font-size\"><\/p>\n<\/div><\/div>\n\n\n\n<p class=\"has-text-align-center\"><\/p>\n\n\n\n<div class=\"wp-block-group alignfull has-background-color has-white-color has-text-color has-link-color wp-elements-39fedc296a459b66585aeb5b0478af17\" style=\"min-height:40vh;margin-top:0;margin-bottom:0;padding-top:var(--wp--preset--spacing--60);padding-right:var(--wp--preset--spacing--40);padding-bottom:var(--wp--preset--spacing--60);padding-left:var(--wp--preset--spacing--40)\"><div class=\"wp-block-group__inner-container is-layout-constrained wp-container-core-group-is-layout-27c39f3e wp-block-group-is-layout-constrained\">\n<div class=\"wp-block-columns alignwide has-small-font-size is-layout-flex wp-container-core-columns-is-layout-9d6595d7 wp-block-columns-is-layout-flex\">\n<div class=\"wp-block-column is-layout-flow wp-block-column-is-layout-flow\">\n<p class=\"has-text-align-center\">Standort<\/p>\n\n\n\n<p class=\"has-text-align-center\">Pyromantic GbR<br>Sonnenallee 160, 12059 Berlin<\/p>\n\n\n\n<p class=\"has-text-align-center\">Deutschland<\/p>\n\n\n\n<div style=\"height:24px\" aria-hidden=\"true\" class=\"wp-block-spacer\"><\/div>\n<\/div>\n\n\n\n<div class=\"wp-block-column is-layout-flow wp-block-column-is-layout-flow\">\n<p class=\"has-text-align-center\">Pages<\/p>\n\n\n<nav class=\"has-small-font-size items-justified-center is-vertical no-wrap wp-block-navigation is-content-justification-center is-nowrap is-layout-flex wp-container-core-navigation-is-layout-685400d0 wp-block-navigation-is-layout-flex\" aria-label=\"Navigation\"><ul class=\"wp-block-navigation__container has-small-font-size items-justified-center is-vertical no-wrap wp-block-navigation has-small-font-size\"><li class=\"has-small-font-size wp-block-navigation-item wp-block-navigation-link\"><a class=\"wp-block-navigation-item__content\"  href=\"https:\/\/pyromantic.show\/de\/\"><span class=\"wp-block-navigation-item__label\">HOME<\/span><\/a><\/li><li class=\"has-small-font-size wp-block-navigation-item wp-block-navigation-link\"><a class=\"wp-block-navigation-item__content\"  href=\"https:\/\/pyromantic.show\/de\/?page_id=1535\"><span class=\"wp-block-navigation-item__label\">LEBENDE LICHTER<\/span><\/a><\/li><li class=\"has-small-font-size wp-block-navigation-item wp-block-navigation-link\"><a class=\"wp-block-navigation-item__content\"  href=\"https:\/\/pyromantic.show\/de\/?page_id=1540\"><span class=\"wp-block-navigation-item__label\">FEUER SHOW<\/span><\/a><\/li><li class=\"has-small-font-size wp-block-navigation-item wp-block-navigation-link\"><a class=\"wp-block-navigation-item__content\"  href=\"https:\/\/pyromantic.show\/de\/?page_id=53\"><span class=\"wp-block-navigation-item__label\">KONTAKT<\/span><\/a><\/li><li class=\"has-small-font-size wp-block-navigation-item wp-block-navigation-link\"><a class=\"wp-block-navigation-item__content\"  href=\"https:\/\/pyromantic.show\/de\/?page_id=56\"><span class=\"wp-block-navigation-item__label\">\u00dcBER UNS<\/span><\/a><\/li><li class=\"has-small-font-size wp-block-navigation-item wp-block-navigation-link\"><a class=\"wp-block-navigation-item__content\"  href=\"https:\/\/pyromantic.show\/de\/?page_id=2182\"><span class=\"wp-block-navigation-item__label\">IMPRESSUM<\/span><\/a><\/li><\/ul><\/nav>\n\n\n<div style=\"height:24px\" aria-hidden=\"true\" class=\"wp-block-spacer\"><\/div>\n<\/div>\n\n\n\n<div class=\"wp-block-column is-layout-flow wp-block-column-is-layout-flow\">\n<p class=\"has-text-align-center\">Folge uns<\/p>\n\n\n\n<div class=\"wp-block-group is-vertical is-content-justification-center is-layout-flex wp-container-core-group-is-layout-bdd043ae wp-block-group-is-layout-flex\">\n<p><a href=\"#\">Instagram<\/a><\/p>\n\n\n\n<p><\/p>\n<\/div>\n\n\n\n<div style=\"height:24px\" aria-hidden=\"true\" class=\"wp-block-spacer\"><\/div>\n<\/div>\n<\/div>\n\n\n\n<div class=\"wp-block-group alignwide is-content-justification-center is-layout-flex wp-container-core-group-is-layout-5590e8cb wp-block-group-is-layout-flex\">\n<p class=\"has-text-align-center has-black-color has-text-color has-link-color has-small-font-size wp-elements-da6af3784984af259fef9c6bfcc482a8\"><\/p>\n<\/div>\n<\/div><\/div>\n\n\n\n<p><\/p>","protected":false},"excerpt":{"rendered":"<p>&#8220;Any sufficiently advanced technology is indistinguishable from magic.&#8221; &#8211; Arthur C.&nbsp;Clarke LIGHT SHOW Experience the&hellip;<\/p>","protected":false},"author":2,"featured_media":0,"parent":0,"menu_order":0,"comment_status":"closed","ping_status":"closed","template":"","meta":{"footnotes":""},"class_list":["post-1471","page","type-page","status-publish","hentry","has-content"],"jetpack_sharing_enabled":true,"_links":{"self":[{"href":"https:\/\/pyromantic.show\/de\/wp-json\/wp\/v2\/pages\/1471","targetHints":{"allow":["GET"]}}],"collection":[{"href":"https:\/\/pyromantic.show\/de\/wp-json\/wp\/v2\/pages"}],"about":[{"href":"https:\/\/pyromantic.show\/de\/wp-json\/wp\/v2\/types\/page"}],"author":[{"embeddable":true,"href":"https:\/\/pyromantic.show\/de\/wp-json\/wp\/v2\/users\/2"}],"replies":[{"embeddable":true,"href":"https:\/\/pyromantic.show\/de\/wp-json\/wp\/v2\/comments?post=1471"}],"version-history":[{"count":218,"href":"https:\/\/pyromantic.show\/de\/wp-json\/wp\/v2\/pages\/1471\/revisions"}],"predecessor-version":[{"id":2354,"href":"https:\/\/pyromantic.show\/de\/wp-json\/wp\/v2\/pages\/1471\/revisions\/2354"}],"wp:attachment":[{"href":"https:\/\/pyromantic.show\/de\/wp-json\/wp\/v2\/media?parent=1471"}],"curies":[{"name":"wp","href":"https:\/\/api.w.org\/{rel}","templated":true}]}}