{"id":1535,"date":"2024-04-03T17:59:22","date_gmt":"2024-04-03T17:59:22","guid":{"rendered":"https:\/\/pyromantic.show\/?page_id=1535"},"modified":"2025-11-05T14:52:25","modified_gmt":"2025-11-05T14:52:25","slug":"pyromantic","status":"publish","type":"page","link":"https:\/\/pyromantic.show\/de\/pyromantic\/","title":{"rendered":"LEBENDE LICHTER"},"content":{"rendered":"<h3 class=\"wp-block-heading has-text-align-center has-vivid-purple-color has-text-color has-link-color wp-elements-8c15d3a10effdec7c004ada109a60c61\">\u201eM\u00f6ge es euch ein Licht sein an dunklen Orten, wenn alle anderen Lichter erl\u00f6schen.\u201c<\/h3>\n\n\n\n<h5 class=\"wp-block-heading has-text-align-center has-white-color has-text-color has-link-color wp-elements-82a38604f5732c45ad3558617f5780fc\">&#8211; R.R. Tolkien<\/h5>\n\n\n\n<p><\/p>\n\n\n\n<div style=\"height:193px\" aria-hidden=\"true\" class=\"wp-block-spacer\"><\/div>\n\n\n\n<figure class=\"wp-block-embed alignwide is-type-video is-provider-vimeo wp-block-embed-vimeo wp-embed-aspect-16-9 wp-has-aspect-ratio\"><div class=\"wp-block-embed__wrapper\">\n<iframe loading=\"lazy\" title=\"PYROMANTIC LIVING LIGHTS\" src=\"https:\/\/player.vimeo.com\/video\/927570133?dnt=1&amp;app_id=122963\" width=\"1400\" height=\"788\" frameborder=\"0\" allow=\"autoplay; fullscreen; picture-in-picture; clipboard-write; encrypted-media; web-share\" referrerpolicy=\"strict-origin-when-cross-origin\"><\/iframe>\n<\/div><\/figure>\n\n\n\n<div style=\"height:23px\" aria-hidden=\"true\" class=\"wp-block-spacer\"><\/div>\n\n\n\n<div style=\"height:152px\" aria-hidden=\"true\" class=\"wp-block-spacer\"><\/div>\n\n\n\n<div class=\"wp-block-columns alignwide is-layout-flex wp-container-core-columns-is-layout-9d6595d7 wp-block-columns-is-layout-flex\">\n<div class=\"wp-block-column is-layout-flow wp-block-column-is-layout-flow\">\n<h5 class=\"wp-block-heading has-vivid-purple-color has-text-color has-link-color wp-elements-c1d543c764dba503f410a1a5473f6098\"><strong>INNEN &amp; AUSSEN<\/strong><\/h5>\n\n\n\n<p style=\"font-size:17px\">Unser Veranstaltungsaufbau ist wetterunabh\u00e4ngig und kann auch bei Regen reibungslos ablaufen. Wir bieten eine Spielfl\u00e4che von 8 x 10 Metern, die ausreichend Platz f\u00fcr Aktivit\u00e4ten bietet. Diese Flexibilit\u00e4t garantiert eine erfolgreiche Veranstaltung unabh\u00e4ngig von den Wetterbedingungen.<\/p>\n<\/div>\n\n\n\n<div class=\"wp-block-column is-layout-flow wp-block-column-is-layout-flow\">\n<h5 class=\"wp-block-heading has-vivid-purple-color has-text-color has-link-color wp-elements-96ec50a15c684d8d6c7b1245b8a70693\"><strong>SICHER<\/strong><\/h5>\n\n\n\n<p style=\"font-size:17px\">Unsere Dienstleistungen umfassen eine umfassende Berufshaftpflichtversicherung, damit Sie beruhigt sein k\u00f6nnen. Wir k\u00fcmmern uns um alle erforderlichen Genehmigungen und halten uns an strenge Sicherheitsvorkehrungen. Dies garantiert ein sicheres und gesetzeskonformes Umfeld f\u00fcr Ihre Veranstaltung.<\/p>\n<\/div>\n\n\n\n<div class=\"wp-block-column is-layout-flow wp-block-column-is-layout-flow\">\n<h5 class=\"wp-block-heading has-vivid-purple-color has-text-color has-link-color wp-elements-000a5ff53244b7f88c69e01d667a01c9\">HIGHTECH <\/h5>\n\n\n\n<p style=\"font-size:17px\">Imagine your logo, name or picture prominently displayed in our show using an impressive hologram display, accompanied by a state-of-the-art music system and advanced stage lighting. To enhance the visual experience, floor fog will drift across the stage, creating an ethereal ambiance. This combination will ensure an unforgettable event.<\/p>\n<\/div>\n<\/div>\n\n\n\n<div style=\"height:212px\" aria-hidden=\"true\" class=\"wp-block-spacer\"><\/div>\n\n\n\n<div class=\"wp-block-cover alignfull\" style=\"margin-top:0;padding-top:5vw;padding-right:5vw;padding-bottom:5vw;padding-left:5vw\"><span aria-hidden=\"true\" class=\"wp-block-cover__background has-vivid-purple-background-color has-background-dim-100 has-background-dim\"><\/span><div class=\"wp-block-cover__inner-container is-layout-flow wp-block-cover-is-layout-flow\">\n<div class=\"wp-block-columns is-layout-flex wp-container-core-columns-is-layout-9d6595d7 wp-block-columns-is-layout-flex\">\n<div class=\"wp-block-column is-layout-flow wp-block-column-is-layout-flow\" style=\"flex-basis:50%\">\n<div class=\"wp-block-group is-layout-flex wp-container-core-group-is-layout-87ee99ac wp-block-group-is-layout-flex\">\n<div class=\"wp-block-group wp-container-content-8eb0bdf3\"><div class=\"wp-block-group__inner-container is-layout-flow wp-block-group-is-layout-flow\">\n<p class=\"wp-container-content-aeb25491\" style=\"font-size:35px;font-style:normal;font-weight:300;letter-spacing:0px;line-height:1.4;text-decoration:none;text-transform:none\"><strong>Bring me your light<\/strong>! <\/p>\n\n\n\n<p class=\"wp-container-content-aeb25491\" style=\"font-size:35px;font-style:normal;font-weight:300;letter-spacing:0px;line-height:1.4;text-decoration:none;text-transform:none\">The show is exactly what you&#8217;re looking for? Get a free and non-binding offer.<\/p>\n\n\n\n<div style=\"height:100px\" aria-hidden=\"true\" class=\"wp-block-spacer\"><\/div>\n\n\n\n<div class=\"wp-block-buttons has-custom-font-size has-medium-font-size is-layout-flex wp-block-buttons-is-layout-flex\">\n<div class=\"wp-block-button has-custom-width wp-block-button__width-75\"><a class=\"wp-block-button__link has-white-color has-black-background-color has-text-color has-background has-custom-font-size wp-element-button\" href=\"https:\/\/z4nw9ew8v9v.typeform.com\/to\/YB7mhHHp\" style=\"border-radius:0px;border-top-style:none;border-top-width:0px;border-right-style:none;border-right-width:0px;border-bottom-style:none;border-bottom-width:0px;border-left-style:none;border-left-width:0px;padding-top:14px;padding-right:36px;padding-bottom:14px;padding-left:36px;font-size:17px;font-style:normal;font-weight:700;letter-spacing:0px;text-decoration:none;text-transform:uppercase\" target=\"_blank\" rel=\"noreferrer noopener\">BOOK NOW<\/a><\/div>\n<\/div>\n<\/div><\/div>\n<\/div>\n<\/div>\n\n\n\n<div class=\"wp-block-column is-layout-flow wp-block-column-is-layout-flow\" style=\"flex-basis:50%\">\n<p class=\"has-text-align-right @media (max-width: 768px) { font-size: 74px !important; letter-spacing: -2.5px line-height: 1.0 } has-black-color has-text-color\" style=\"font-size:148px;font-style:normal;font-weight:700;letter-spacing:-5px;line-height:0.8;text-transform:uppercase\">GET<\/p>\n\n\n\n<p class=\"has-text-align-right @media (max-width: 768px) { font-size: 74px !important; letter-spacing: -2.5px line-height: 1.0 } has-white-color has-text-color\" style=\"font-size:148px;font-style:normal;font-weight:700;letter-spacing:-5px;line-height:0.8;text-transform:uppercase\">YOUR MAGIC<\/p>\n<\/div>\n<\/div>\n<\/div><\/div>\n\n\n\n<div style=\"height:100px\" aria-hidden=\"true\" class=\"wp-block-spacer\"><\/div>\n\n\n\n<p><\/p>\n\n\n\n<h2 class=\"wp-block-heading has-text-align-center\">Lebende Lichter<\/h2>\n\n\n\n<h4 class=\"wp-block-heading has-text-align-center has-vivid-purple-color has-text-color has-link-color wp-elements-9efbb964361a15cfeab2b5f8da405fd8\">Treten Sie ein in ein Reich, in dem das Licht Ihre Fantasie in pure Verzauberung f\u00fchrt.<\/h4>\n\n\n\n<div style=\"height:114px\" aria-hidden=\"true\" class=\"wp-block-spacer\"><\/div>\n\n\n\n<div class=\"wp-block-media-text alignwide is-stacked-on-mobile is-vertically-aligned-center\"><figure class=\"wp-block-media-text__media\"><img loading=\"lazy\" decoding=\"async\" width=\"683\" height=\"1024\" src=\"https:\/\/pyromantic.show\/wp-content\/uploads\/2024\/04\/PyromanticLED_CamilleLaVerde_WithoutLogo_003-2-683x1024.jpg\" alt=\"\" class=\"wp-image-1584 size-full\" srcset=\"https:\/\/pyromantic.show\/wp-content\/uploads\/2024\/04\/PyromanticLED_CamilleLaVerde_WithoutLogo_003-2-683x1024.jpg 683w, https:\/\/pyromantic.show\/wp-content\/uploads\/2024\/04\/PyromanticLED_CamilleLaVerde_WithoutLogo_003-2-200x300.jpg 200w, https:\/\/pyromantic.show\/wp-content\/uploads\/2024\/04\/PyromanticLED_CamilleLaVerde_WithoutLogo_003-2-768x1151.jpg 768w, https:\/\/pyromantic.show\/wp-content\/uploads\/2024\/04\/PyromanticLED_CamilleLaVerde_WithoutLogo_003-2.jpg 800w\" sizes=\"auto, (max-width: 683px) 100vw, 683px\" \/><\/figure><div class=\"wp-block-media-text__content\">\n<h4 class=\"wp-block-heading has-text-align-left has-vivid-purple-color has-text-color has-link-color wp-elements-d0372ca2180a05ae0e984f4fc2714f50\" style=\"font-size:50px\">TAUCHEN SIE EIN<\/h4>\n\n\n\n<p style=\"font-size:16px\"><\/p>\n\n\n\n<p style=\"font-size:19px\">Elegant und atemberaubend, unsere \u201eLiving Lights\u201c-Show wird Sie in ihren Bann ziehen. Die Magie dieser Show liegt im verborgenen Bereich der Technik und Energie. <\/p>\n\n\n\n<p style=\"font-size:19px\">Wir erwecken das Licht zum Leben und spielen meisterhaft damit. Feuerspucken und Feuerschlucken war gestern - heute spielen wir mit Licht, Software und modernster Technik auf der H\u00f6he der Zeit. Wir verwandeln St\u00e4be in Bildfl\u00e4chen und malen Muster aus Licht und Bewegung in die Dunkelheit. <\/p>\n\n\n\n<p style=\"font-size:19px\">Unsere Show bietet eine dynamische Palette von Farben und Formen, die sich mit faszinierender Pr\u00e4zision ver\u00e4ndern und wandeln.<\/p>\n\n\n\n<p style=\"font-size:19px\">Mit jeder Auff\u00fchrung verschieben wir die Grenzen dessen, was Licht leisten kann, und schaffen eine atemberaubende visuelle Symphonie. Dank fortschrittlicher Programmierung und innovativem Design schaffen wir eine nahtlose Mischung aus Kunst und Technologie. Wenn die Lichter tanzen und flackern, wecken sie Emotionen und erz\u00e4hlen Geschichten, die das Publikum fesseln.<\/p>\n\n\n\n<p style=\"font-size:19px\">Dieses eindringliche Erlebnis soll einen bleibenden Eindruck hinterlassen und jede Veranstaltung in ein unvergessliches Spektakel verwandeln. Wir sorgen daf\u00fcr, dass jedes Detail perfekt ist, vom ersten Konzept bis zur endg\u00fcltigen Ausf\u00fchrung. Erleben Sie mit uns die Zukunft der Unterhaltung, bei der man Licht nicht nur sehen, sondern auch sp\u00fcren kann.<\/p>\n<\/div><\/div>\n\n\n\n<div style=\"height:100px\" aria-hidden=\"true\" class=\"wp-block-spacer\"><\/div>\n\n\n\n<h2 class=\"wp-block-heading alignfull has-text-align-center\">Impressionen<\/h2>\n\n\n\n<div style=\"height:87px\" aria-hidden=\"true\" class=\"wp-block-spacer\"><\/div>\n\n\n<div class=\"themerain-block-slider alignfull\"><div class=\"swiper-container\" data-columns=\"5\" data-space=\"20\" data-autoplay=\"1\" data-loop=\"1\" data-center=\"1\"><div class=\"swiper-wrapper\"><div class=\"swiper-slide\"><div style=\"--aspect-ratio: 16\/9;\"><img loading=\"lazy\" decoding=\"async\" width=\"329\" height=\"329\" src=\"https:\/\/pyromantic.show\/wp-content\/uploads\/2019\/11\/client3.png\" class=\"attachment-full size-full\" alt=\"\" srcset=\"https:\/\/pyromantic.show\/wp-content\/uploads\/2019\/11\/client3.png 329w, https:\/\/pyromantic.show\/wp-content\/uploads\/2019\/11\/client3-300x300.png 300w, https:\/\/pyromantic.show\/wp-content\/uploads\/2019\/11\/client3-150x150.png 150w\" sizes=\"auto, (max-width: 329px) 100vw, 329px\" \/><\/div><\/div><div class=\"swiper-slide\"><div style=\"--aspect-ratio: 16\/9;\"><img loading=\"lazy\" decoding=\"async\" width=\"329\" height=\"329\" src=\"https:\/\/pyromantic.show\/wp-content\/uploads\/2019\/11\/deloitte.png\" class=\"attachment-full size-full\" alt=\"\" srcset=\"https:\/\/pyromantic.show\/wp-content\/uploads\/2019\/11\/deloitte.png 329w, https:\/\/pyromantic.show\/wp-content\/uploads\/2019\/11\/deloitte-300x300.png 300w, https:\/\/pyromantic.show\/wp-content\/uploads\/2019\/11\/deloitte-150x150.png 150w\" sizes=\"auto, (max-width: 329px) 100vw, 329px\" \/><\/div><\/div><div class=\"swiper-slide\"><div style=\"--aspect-ratio: 16\/9;\"><img loading=\"lazy\" decoding=\"async\" width=\"329\" height=\"329\" src=\"https:\/\/pyromantic.show\/wp-content\/uploads\/2019\/11\/client1.png\" class=\"attachment-full size-full\" alt=\"\" srcset=\"https:\/\/pyromantic.show\/wp-content\/uploads\/2019\/11\/client1.png 329w, https:\/\/pyromantic.show\/wp-content\/uploads\/2019\/11\/client1-300x300.png 300w, https:\/\/pyromantic.show\/wp-content\/uploads\/2019\/11\/client1-150x150.png 150w\" sizes=\"auto, (max-width: 329px) 100vw, 329px\" \/><\/div><\/div><div class=\"swiper-slide\"><div style=\"--aspect-ratio: 16\/9;\"><img loading=\"lazy\" decoding=\"async\" width=\"600\" height=\"600\" src=\"https:\/\/pyromantic.show\/wp-content\/uploads\/2019\/11\/mind-logo-1.png\" class=\"attachment-full size-full\" alt=\"\" srcset=\"https:\/\/pyromantic.show\/wp-content\/uploads\/2019\/11\/mind-logo-1.png 600w, https:\/\/pyromantic.show\/wp-content\/uploads\/2019\/11\/mind-logo-1-300x300.png 300w, https:\/\/pyromantic.show\/wp-content\/uploads\/2019\/11\/mind-logo-1-150x150.png 150w\" sizes=\"auto, (max-width: 600px) 100vw, 600px\" \/><\/div><\/div><div class=\"swiper-slide\"><div style=\"--aspect-ratio: 16\/9;\"><img loading=\"lazy\" decoding=\"async\" width=\"600\" height=\"600\" src=\"https:\/\/pyromantic.show\/wp-content\/uploads\/2019\/11\/cssda-logo-1.png\" class=\"attachment-full size-full\" alt=\"\" srcset=\"https:\/\/pyromantic.show\/wp-content\/uploads\/2019\/11\/cssda-logo-1.png 600w, https:\/\/pyromantic.show\/wp-content\/uploads\/2019\/11\/cssda-logo-1-300x300.png 300w, https:\/\/pyromantic.show\/wp-content\/uploads\/2019\/11\/cssda-logo-1-150x150.png 150w\" sizes=\"auto, (max-width: 600px) 100vw, 600px\" \/><\/div><\/div><div class=\"swiper-slide\"><div style=\"--aspect-ratio: 16\/9;\"><img loading=\"lazy\" decoding=\"async\" width=\"600\" height=\"600\" src=\"https:\/\/pyromantic.show\/wp-content\/uploads\/2019\/11\/logo2.png\" class=\"attachment-full size-full\" alt=\"\" srcset=\"https:\/\/pyromantic.show\/wp-content\/uploads\/2019\/11\/logo2.png 600w, https:\/\/pyromantic.show\/wp-content\/uploads\/2019\/11\/logo2-300x300.png 300w, https:\/\/pyromantic.show\/wp-content\/uploads\/2019\/11\/logo2-150x150.png 150w\" sizes=\"auto, (max-width: 600px) 100vw, 600px\" \/><\/div><\/div><div class=\"swiper-slide\"><div style=\"--aspect-ratio: 16\/9;\"><img loading=\"lazy\" decoding=\"async\" width=\"329\" height=\"329\" src=\"https:\/\/pyromantic.show\/wp-content\/uploads\/2019\/11\/journey.png\" class=\"attachment-full size-full\" alt=\"\" srcset=\"https:\/\/pyromantic.show\/wp-content\/uploads\/2019\/11\/journey.png 329w, https:\/\/pyromantic.show\/wp-content\/uploads\/2019\/11\/journey-300x300.png 300w, https:\/\/pyromantic.show\/wp-content\/uploads\/2019\/11\/journey-150x150.png 150w\" sizes=\"auto, (max-width: 329px) 100vw, 329px\" \/><\/div><\/div><\/div><\/div><\/div>\n\n\n<div style=\"height:139px\" aria-hidden=\"true\" class=\"wp-block-spacer\"><\/div>\n\n\n\n<figure class=\"wp-block-gallery alignwide has-nested-images columns-default is-cropped is-style-rectangular wp-block-gallery-1 is-layout-flex wp-block-gallery-is-layout-flex\">\n<figure class=\"wp-block-image size-large\"><img loading=\"lazy\" decoding=\"async\" width=\"400\" height=\"600\" data-id=\"1680\" src=\"https:\/\/pyromantic.show\/wp-content\/uploads\/2024\/04\/PyromanticLED_CamilleLaVerde_WithoutLogo_018-1.jpg\" alt=\"\" class=\"wp-image-1680\" srcset=\"https:\/\/pyromantic.show\/wp-content\/uploads\/2024\/04\/PyromanticLED_CamilleLaVerde_WithoutLogo_018-1.jpg 400w, https:\/\/pyromantic.show\/wp-content\/uploads\/2024\/04\/PyromanticLED_CamilleLaVerde_WithoutLogo_018-1-200x300.jpg 200w\" sizes=\"auto, (max-width: 400px) 100vw, 400px\" \/><\/figure>\n\n\n\n<figure class=\"wp-block-image size-large\"><img loading=\"lazy\" decoding=\"async\" width=\"500\" height=\"333\" data-id=\"1666\" src=\"https:\/\/pyromantic.show\/wp-content\/uploads\/2024\/04\/PyromanticLED_CamilleLaVerde_WithoutLogo_021.jpg\" alt=\"\" class=\"wp-image-1666\" srcset=\"https:\/\/pyromantic.show\/wp-content\/uploads\/2024\/04\/PyromanticLED_CamilleLaVerde_WithoutLogo_021.jpg 500w, https:\/\/pyromantic.show\/wp-content\/uploads\/2024\/04\/PyromanticLED_CamilleLaVerde_WithoutLogo_021-300x200.jpg 300w\" sizes=\"auto, (max-width: 500px) 100vw, 500px\" \/><\/figure>\n\n\n\n<figure class=\"wp-block-image size-large\"><img loading=\"lazy\" decoding=\"async\" width=\"400\" height=\"600\" data-id=\"1663\" src=\"https:\/\/pyromantic.show\/wp-content\/uploads\/2024\/04\/PyromanticLED_CamilleLaVerde_WithoutLogo_019.jpg\" alt=\"\" class=\"wp-image-1663\" srcset=\"https:\/\/pyromantic.show\/wp-content\/uploads\/2024\/04\/PyromanticLED_CamilleLaVerde_WithoutLogo_019.jpg 400w, https:\/\/pyromantic.show\/wp-content\/uploads\/2024\/04\/PyromanticLED_CamilleLaVerde_WithoutLogo_019-200x300.jpg 200w\" sizes=\"auto, (max-width: 400px) 100vw, 400px\" \/><\/figure>\n\n\n\n<figure class=\"wp-block-image size-full\"><img loading=\"lazy\" decoding=\"async\" width=\"1334\" height=\"2000\" data-id=\"1973\" src=\"https:\/\/pyromantic.show\/wp-content\/uploads\/2024\/05\/PyromanticLED_CamilleLaVerde_WithoutLogo_013-1.jpg\" alt=\"\" class=\"wp-image-1973\" srcset=\"https:\/\/pyromantic.show\/wp-content\/uploads\/2024\/05\/PyromanticLED_CamilleLaVerde_WithoutLogo_013-1.jpg 1334w, https:\/\/pyromantic.show\/wp-content\/uploads\/2024\/05\/PyromanticLED_CamilleLaVerde_WithoutLogo_013-1-200x300.jpg 200w, https:\/\/pyromantic.show\/wp-content\/uploads\/2024\/05\/PyromanticLED_CamilleLaVerde_WithoutLogo_013-1-683x1024.jpg 683w, https:\/\/pyromantic.show\/wp-content\/uploads\/2024\/05\/PyromanticLED_CamilleLaVerde_WithoutLogo_013-1-768x1151.jpg 768w, https:\/\/pyromantic.show\/wp-content\/uploads\/2024\/05\/PyromanticLED_CamilleLaVerde_WithoutLogo_013-1-1025x1536.jpg 1025w\" sizes=\"auto, (max-width: 1334px) 100vw, 1334px\" \/><\/figure>\n\n\n\n<figure class=\"wp-block-image size-large\"><img loading=\"lazy\" decoding=\"async\" width=\"1024\" height=\"1024\" data-id=\"1962\" src=\"https:\/\/pyromantic.show\/wp-content\/uploads\/2024\/05\/PyromanticLED_CamilleLaVerde_WithoutLogo_022-1024x1024.jpg\" alt=\"\" class=\"wp-image-1962\" srcset=\"https:\/\/pyromantic.show\/wp-content\/uploads\/2024\/05\/PyromanticLED_CamilleLaVerde_WithoutLogo_022-1024x1024.jpg 1024w, https:\/\/pyromantic.show\/wp-content\/uploads\/2024\/05\/PyromanticLED_CamilleLaVerde_WithoutLogo_022-300x300.jpg 300w, https:\/\/pyromantic.show\/wp-content\/uploads\/2024\/05\/PyromanticLED_CamilleLaVerde_WithoutLogo_022-150x150.jpg 150w, https:\/\/pyromantic.show\/wp-content\/uploads\/2024\/05\/PyromanticLED_CamilleLaVerde_WithoutLogo_022-768x768.jpg 768w, https:\/\/pyromantic.show\/wp-content\/uploads\/2024\/05\/PyromanticLED_CamilleLaVerde_WithoutLogo_022-1536x1536.jpg 1536w, https:\/\/pyromantic.show\/wp-content\/uploads\/2024\/05\/PyromanticLED_CamilleLaVerde_WithoutLogo_022-2048x2048.jpg 2048w\" sizes=\"auto, (max-width: 1024px) 100vw, 1024px\" \/><\/figure>\n<\/figure>\n\n\n\n<div style=\"height:40px\" aria-hidden=\"true\" class=\"wp-block-spacer\"><\/div>\n\n\n\n<div style=\"height:100px\" aria-hidden=\"true\" class=\"wp-block-spacer\"><\/div>\n\n\n\n<h2 class=\"wp-block-heading has-text-align-center\">Innovativ <\/h2>\n\n\n\n<h5 class=\"wp-block-heading alignwide has-text-align-center has-vivid-purple-color has-text-color has-link-color wp-elements-9ecf2a9c08024e9db829a8be94da4f29\" id=\"we-re-a-studio-in-berlin-with-an-international-practice-in-architecture-urban-planning-and-interior-design-we-believe-in-sharing-knowledge-and-promoting-dialogue-to-increase-the-creative-potential-of-collaboration\" style=\"line-height:1.1\">With software and the latest technology at the pulse of the future.<\/h5>\n\n\n\n<div class=\"wp-block-columns is-layout-flex wp-container-core-columns-is-layout-9d6595d7 wp-block-columns-is-layout-flex\">\n<div class=\"wp-block-column has-white-color has-text-color has-link-color wp-elements-72581835e0d415ffe24123d3ac1088f9 is-layout-flow wp-block-column-is-layout-flow\">\n<p class=\"has-text-align-center\" style=\"font-size:19px\">Erleben Sie die Zukunft der Unterhaltung mit LuminaSpectra, einer hochmodernen Lichtshow, die Technologie und Kunstfertigkeit in einem faszinierenden Schauspiel aus Farbe und Bewegung vereint. Erleben Sie eine Symphonie von Lichtern, die in perfekter Harmonie tanzen und pulsieren und ein unvergessliches visuelles Spektakel schaffen.<\/p>\n<\/div>\n<\/div>\n\n\n\n<div style=\"height:100px\" aria-hidden=\"true\" class=\"wp-block-spacer\"><\/div>\n\n\n\n<div class=\"wp-block-cover alignfull has-parallax has-large-font-size\" style=\"min-height:650px;aspect-ratio:unset;\"><div class=\"wp-block-cover__image-background wp-image-1492 has-parallax\" style=\"background-position:50% 50%;background-image:url(https:\/\/pyromantic.show\/wp-content\/uploads\/2024\/03\/PyromanticLED_CamilleLaVerde_WithLogo_016-scaled.jpg)\"><\/div><span aria-hidden=\"true\" class=\"wp-block-cover__background has-background-dim-0 has-background-dim\" style=\"background-color:#342c38\"><\/span><div class=\"wp-block-cover__inner-container is-layout-flow wp-block-cover-is-layout-flow\">\n<p class=\"has-text-align-center has-large-font-size\"><\/p>\n<\/div><\/div>\n\n\n\n<p class=\"has-text-align-center\"><\/p>\n\n\n\n<div style=\"height:77px\" aria-hidden=\"true\" class=\"wp-block-spacer\"><\/div>\n\n\n\n<div class=\"wp-block-columns alignwide are-vertically-aligned-top has-small-font-size is-layout-flex wp-container-core-columns-is-layout-9d6595d7 wp-block-columns-is-layout-flex\">\n<div class=\"wp-block-column is-vertically-aligned-top is-layout-flow wp-block-column-is-layout-flow\">\n<p class=\"has-text-align-center\">Standort<\/p>\n\n\n\n<p class=\"has-text-align-center\">Pyromantic GbR&nbsp;<br>Sonnenallee 160<br>12059 Berlin<\/p>\n\n\n\n<div style=\"height:24px\" aria-hidden=\"true\" class=\"wp-block-spacer\"><\/div>\n<\/div>\n\n\n\n<div class=\"wp-block-column is-vertically-aligned-top is-layout-flow wp-block-column-is-layout-flow\">\n<p class=\"has-text-align-center\">Pages<\/p>\n\n\n<nav class=\"has-small-font-size items-justified-center is-vertical no-wrap wp-block-navigation is-content-justification-center is-nowrap is-layout-flex wp-container-core-navigation-is-layout-685400d0 wp-block-navigation-is-layout-flex\" aria-label=\"Navigation\"><ul class=\"wp-block-navigation__container has-small-font-size items-justified-center is-vertical no-wrap wp-block-navigation has-small-font-size\"><li class=\"has-small-font-size wp-block-navigation-item wp-block-navigation-link\"><a class=\"wp-block-navigation-item__content\"  href=\"https:\/\/pyromantic.show\/de\/\"><span class=\"wp-block-navigation-item__label\">HOME<\/span><\/a><\/li><li class=\"has-small-font-size wp-block-navigation-item wp-block-navigation-link\"><a class=\"wp-block-navigation-item__content\"  href=\"https:\/\/pyromantic.show\/de\/?page_id=1535\"><span class=\"wp-block-navigation-item__label\">LEBENDE LICHTER<\/span><\/a><\/li><li class=\"has-small-font-size wp-block-navigation-item wp-block-navigation-link\"><a class=\"wp-block-navigation-item__content\"  href=\"https:\/\/pyromantic.show\/de\/?page_id=1540\"><span class=\"wp-block-navigation-item__label\">FEUER SHOW<\/span><\/a><\/li><li class=\"has-small-font-size wp-block-navigation-item wp-block-navigation-link\"><a class=\"wp-block-navigation-item__content\"  href=\"https:\/\/pyromantic.show\/de\/?page_id=53\"><span class=\"wp-block-navigation-item__label\">KONTAKT<\/span><\/a><\/li><li class=\"has-small-font-size wp-block-navigation-item wp-block-navigation-link\"><a class=\"wp-block-navigation-item__content\"  href=\"https:\/\/pyromantic.show\/de\/?page_id=56\"><span class=\"wp-block-navigation-item__label\">\u00dcBER UNS<\/span><\/a><\/li><li class=\"has-small-font-size wp-block-navigation-item wp-block-navigation-link\"><a class=\"wp-block-navigation-item__content\"  href=\"https:\/\/pyromantic.show\/de\/?page_id=2182\"><span class=\"wp-block-navigation-item__label\">IMPRESSUM<\/span><\/a><\/li><\/ul><\/nav>\n\n\n<div style=\"height:24px\" aria-hidden=\"true\" class=\"wp-block-spacer\"><\/div>\n<\/div>\n\n\n\n<div class=\"wp-block-column is-vertically-aligned-top is-layout-flow wp-block-column-is-layout-flow\">\n<p class=\"has-text-align-center\">Folge uns<\/p>\n\n\n\n<div class=\"wp-block-group is-vertical is-content-justification-center is-layout-flex wp-container-core-group-is-layout-bdd043ae wp-block-group-is-layout-flex\">\n<p><a href=\"https:\/\/www.instagram.com\/pyromantic.show\/?igsh=amp2OWt3Y3I3NWpi\" target=\"_blank\" rel=\"noreferrer noopener\">Instagram<\/a><\/p>\n<\/div>\n\n\n\n<div style=\"height:24px\" aria-hidden=\"true\" class=\"wp-block-spacer\"><\/div>\n<\/div>\n<\/div>","protected":false},"excerpt":{"rendered":"<p>&#8220;May&nbsp;it be a&nbsp;light&nbsp;to you in dark places, when&nbsp;all other lights go out.&#8221; &#8211; R.R. Tolkien&hellip;<\/p>","protected":false},"author":2,"featured_media":0,"parent":0,"menu_order":0,"comment_status":"closed","ping_status":"closed","template":"","meta":{"footnotes":""},"class_list":["post-1535","page","type-page","status-publish","hentry","has-content"],"jetpack_sharing_enabled":true,"_links":{"self":[{"href":"https:\/\/pyromantic.show\/de\/wp-json\/wp\/v2\/pages\/1535","targetHints":{"allow":["GET"]}}],"collection":[{"href":"https:\/\/pyromantic.show\/de\/wp-json\/wp\/v2\/pages"}],"about":[{"href":"https:\/\/pyromantic.show\/de\/wp-json\/wp\/v2\/types\/page"}],"author":[{"embeddable":true,"href":"https:\/\/pyromantic.show\/de\/wp-json\/wp\/v2\/users\/2"}],"replies":[{"embeddable":true,"href":"https:\/\/pyromantic.show\/de\/wp-json\/wp\/v2\/comments?post=1535"}],"version-history":[{"count":162,"href":"https:\/\/pyromantic.show\/de\/wp-json\/wp\/v2\/pages\/1535\/revisions"}],"predecessor-version":[{"id":2356,"href":"https:\/\/pyromantic.show\/de\/wp-json\/wp\/v2\/pages\/1535\/revisions\/2356"}],"wp:attachment":[{"href":"https:\/\/pyromantic.show\/de\/wp-json\/wp\/v2\/media?parent=1535"}],"curies":[{"name":"wp","href":"https:\/\/api.w.org\/{rel}","templated":true}]}}