{"id":1540,"date":"2024-04-03T18:03:28","date_gmt":"2024-04-03T18:03:28","guid":{"rendered":"https:\/\/pyromantic.show\/?page_id=1540"},"modified":"2025-11-05T13:54:19","modified_gmt":"2025-11-05T13:54:19","slug":"fire-show","status":"publish","type":"page","link":"https:\/\/pyromantic.show\/de\/fire-show\/","title":{"rendered":"FEUER SHOW"},"content":{"rendered":"<h4 class=\"wp-block-heading has-text-align-center has-luminous-vivid-amber-color has-text-color has-link-color wp-elements-7b3d2482da6a4462fa8c2de635bc360e\"><strong>Eine transformative Erfahrung von Macht<\/strong><\/h4>\n\n\n\n<div style=\"height:44px\" aria-hidden=\"true\" class=\"wp-block-spacer\"><\/div>\n\n\n\n<h6 class=\"wp-block-heading has-text-align-center\">Lassen Sie die Funken eine Flamme in Ihnen entfachen. Ihr inneres Feuer ist ein Kompass, die Leidenschaft und Motivation, die Sie antreibt, Ihre Tr\u00e4ume zu verfolgen.<\/h6>\n\n\n\n<p class=\"has-text-align-center\"><\/p>\n\n\n\n<div style=\"height:193px\" aria-hidden=\"true\" class=\"wp-block-spacer\"><\/div>\n\n\n\n<figure class=\"wp-block-embed alignwide is-type-video is-provider-vimeo wp-block-embed-vimeo wp-embed-aspect-18-9 wp-has-aspect-ratio\"><div class=\"wp-block-embed__wrapper\">\n<iframe loading=\"lazy\" title=\"PYROMANTIC - Fire Show\" src=\"https:\/\/player.vimeo.com\/video\/948685729?dnt=1&amp;app_id=122963\" width=\"1400\" height=\"700\" frameborder=\"0\" allow=\"autoplay; fullscreen; picture-in-picture; clipboard-write; encrypted-media; web-share\" referrerpolicy=\"strict-origin-when-cross-origin\"><\/iframe>\n<\/div><\/figure>\n\n\n\n<div style=\"height:23px\" aria-hidden=\"true\" class=\"wp-block-spacer\"><\/div>\n\n\n\n<div style=\"height:152px\" aria-hidden=\"true\" class=\"wp-block-spacer\"><\/div>\n\n\n\n<div class=\"wp-block-columns alignwide is-layout-flex wp-container-core-columns-is-layout-9d6595d7 wp-block-columns-is-layout-flex\">\n<div class=\"wp-block-column is-layout-flow wp-block-column-is-layout-flow\">\n<h5 class=\"wp-block-heading has-luminous-vivid-amber-color has-text-color has-link-color wp-elements-e8adbb9ae465a2a74e9ac359fff88ffb\"><strong>OUTDOOR<\/strong><\/h5>\n\n\n\n<p>Wetterunabh\u00e4ngig, auch bei Regen und Trockenheit m\u00f6glich<br>Alternative bei Unwetter\/\u00fcberm\u00e4\u00dfiger Brandgefahr: <\/p>\n\n\n\n<h6 class=\"wp-block-heading\"><a href=\"https:\/\/pyromantic.show\/de\/?page_id=1535\" data-type=\"page\" data-id=\"1535\"><strong>LEBENDE LICHTER<\/strong><\/a><\/h6>\n<\/div>\n\n\n\n<div class=\"wp-block-column is-layout-flow wp-block-column-is-layout-flow\">\n<h5 class=\"wp-block-heading has-luminous-vivid-amber-color has-text-color has-link-color wp-elements-3c6bd998c195b3c57c212b77aed79f87\"><strong>SICHER<\/strong><\/h5>\n\n\n\n<p>Langj\u00e4hrige Erfahrung<br>Berufshaftung<br>Alle erforderlichen Genehmigungen und Sicherheitsvorkehrungen<\/p>\n<\/div>\n\n\n\n<div class=\"wp-block-column is-layout-flow wp-block-column-is-layout-flow\">\n<h5 class=\"wp-block-heading has-luminous-vivid-amber-color has-text-color has-link-color wp-elements-e4df365f1f90735ae75d3926fc6c3a19\">HIGHTECH <\/h5>\n\n\n\n<p>Ihr Logo\/Ihr Name in unserer Show mit Hologramm-Display<br>Feuer, Funken und Spezialeffekte<br>Tontechnik<br>B\u00fchnenbild und B\u00fchnenbild<\/p>\n<\/div>\n<\/div>\n\n\n\n<div style=\"height:212px\" aria-hidden=\"true\" class=\"wp-block-spacer\"><\/div>\n\n\n\n<div class=\"wp-block-cover alignfull is-light\" style=\"margin-top:0;padding-top:5vw;padding-right:5vw;padding-bottom:5vw;padding-left:5vw\"><span aria-hidden=\"true\" class=\"wp-block-cover__background has-luminous-vivid-amber-background-color has-background-dim-100 has-background-dim\"><\/span><div class=\"wp-block-cover__inner-container is-layout-flow wp-block-cover-is-layout-flow\">\n<div class=\"wp-block-columns is-layout-flex wp-container-core-columns-is-layout-9d6595d7 wp-block-columns-is-layout-flex\">\n<div class=\"wp-block-column is-layout-flow wp-block-column-is-layout-flow\" style=\"flex-basis:50%\">\n<div class=\"wp-block-group is-layout-flex wp-container-core-group-is-layout-87ee99ac wp-block-group-is-layout-flex\">\n<div class=\"wp-block-group wp-container-content-8eb0bdf3\"><div class=\"wp-block-group__inner-container is-layout-flow wp-block-group-is-layout-flow\">\n<p class=\"wp-container-content-aeb25491\" style=\"font-size:17px;font-style:normal;font-weight:300;letter-spacing:0px;line-height:1.4;text-decoration:none;text-transform:none\"><strong>I want your Fire!<\/strong><\/p>\n\n\n\n<p>Please send me a non-binding offer.<\/p>\n\n\n\n<div style=\"height:100px\" aria-hidden=\"true\" class=\"wp-block-spacer\"><\/div>\n\n\n\n<div class=\"wp-block-buttons has-custom-font-size has-medium-font-size is-layout-flex wp-block-buttons-is-layout-flex\">\n<div class=\"wp-block-button\"><a class=\"wp-block-button__link has-white-color has-black-background-color has-text-color has-background has-custom-font-size wp-element-button\" href=\"https:\/\/z4nw9ew8v9v.typeform.com\/to\/YB7mhHHp\" style=\"border-radius:0px;border-top-style:none;border-top-width:0px;border-right-style:none;border-right-width:0px;border-bottom-style:none;border-bottom-width:0px;border-left-style:none;border-left-width:0px;padding-top:14px;padding-right:36px;padding-bottom:14px;padding-left:36px;font-size:17px;font-style:normal;font-weight:700;letter-spacing:0px;text-decoration:none;text-transform:uppercase\" target=\"_blank\" rel=\"noreferrer noopener\">JETZT BUCHEN!<\/a><\/div>\n<\/div>\n<\/div><\/div>\n<\/div>\n<\/div>\n\n\n\n<div class=\"wp-block-column is-layout-flow wp-block-column-is-layout-flow\" style=\"flex-basis:50%\">\n<h2 class=\"wp-block-heading has-text-align-right has-black-color has-text-color\" style=\"font-size:93px\">BUCHE<\/h2>\n\n\n\n<h2 class=\"wp-block-heading has-text-align-right has-white-color has-text-color\" style=\"font-size:65px\"> DEINE MAGIE<\/h2>\n<\/div>\n<\/div>\n<\/div><\/div>\n\n\n\n<div style=\"height:100px\" aria-hidden=\"true\" class=\"wp-block-spacer\"><\/div>\n\n\n\n<p><\/p>\n\n\n\n<h2 class=\"wp-block-heading has-text-align-center\">Ein Feuerwerk der Superlative  <\/h2>\n\n\n\n<div style=\"height:47px\" aria-hidden=\"true\" class=\"wp-block-spacer\"><\/div>\n\n\n\n<h6 class=\"wp-block-heading has-text-align-center\">Flammen, Funken, Licht, Musik und Choreografie bilden in einer mitrei\u00dfenden Komposition eine atemberaubende Sinfonie. F\u00fcr Sie ganz nah dran.<\/h6>\n\n\n\n<div style=\"height:25px\" aria-hidden=\"true\" class=\"wp-block-spacer\"><\/div>\n\n\n\n<div class=\"wp-block-media-text alignwide is-stacked-on-mobile\"><figure class=\"wp-block-media-text__media\"><img loading=\"lazy\" decoding=\"async\" width=\"667\" height=\"1000\" src=\"https:\/\/pyromantic.show\/wp-content\/uploads\/2024\/05\/PyromanticFire_CamilleLaVerde_WithoutLogo_003.jpg\" alt=\"\" class=\"wp-image-1936 size-full\" srcset=\"https:\/\/pyromantic.show\/wp-content\/uploads\/2024\/05\/PyromanticFire_CamilleLaVerde_WithoutLogo_003.jpg 667w, https:\/\/pyromantic.show\/wp-content\/uploads\/2024\/05\/PyromanticFire_CamilleLaVerde_WithoutLogo_003-200x300.jpg 200w\" sizes=\"auto, (max-width: 667px) 100vw, 667px\" \/><\/figure><div class=\"wp-block-media-text__content\">\n<h4 class=\"wp-block-heading has-text-align-right has-luminous-vivid-amber-color has-text-color has-link-color wp-elements-2dd63a17dd85fe0005a7440d7b9842bd\">SCHMECKEN SIE DIE HITZE<\/h4>\n\n\n\n<p class=\"has-text-align-right\">Wild und elegant fliegen die Funken meterhoch in den Himmel. Atmosph\u00e4rische Flammen erhellen die Nacht. Das Element Feuer mit seiner magischen Kraft der Flammen wird Sie in seinen Bann ziehen wie kein anderes. <\/p>\n\n\n\n<p class=\"has-text-align-right\">Unser unterhaltsames und meisterhaftes Spiel damit wird Sie in Erstaunen und Begeisterung versetzen.<br>Unsere \u00fcber Jahre hinweg perfektionierte Feuershow wird Sie f\u00fcr einen Moment die Zeit vergessen lassen und Sie mit dem Gef\u00fchl zur\u00fccklassen: \u201eIch will mehr sehen!\u201c<\/p>\n\n\n\n<p><\/p>\n\n\n\n<h6 class=\"wp-block-heading has-text-align-right has-luminous-vivid-amber-color has-text-color has-link-color wp-elements-fa8f756123d4f33375f61c8a77c21f1f\">Harte Fakten<\/h6>\n\n\n\n<p class=\"has-text-align-right\"><strong>20 min. Feuer Show<br>Ma\u00dfgeschneidert f\u00fcr Ihr Event<br>8-10 choreografierte Auftritte<br>Solo- und Duo-Auftritte, 2 K\u00fcnstler<\/strong><\/p>\n<\/div><\/div>\n\n\n\n<div style=\"height:100px\" aria-hidden=\"true\" class=\"wp-block-spacer\"><\/div>\n\n\n\n<h2 class=\"wp-block-heading alignfull has-text-align-center\">Impressionen<\/h2>\n\n\n\n<div style=\"height:87px\" aria-hidden=\"true\" class=\"wp-block-spacer\"><\/div>\n\n\n<div class=\"themerain-block-slider alignfull\"><div class=\"swiper-container\" data-columns=\"5\" data-space=\"20\" data-autoplay=\"1\" data-loop=\"1\" data-center=\"1\"><div class=\"swiper-wrapper\"><div class=\"swiper-slide\"><div style=\"--aspect-ratio: 16\/9;\"><img loading=\"lazy\" decoding=\"async\" width=\"329\" height=\"329\" src=\"https:\/\/pyromantic.show\/wp-content\/uploads\/2019\/11\/client3.png\" class=\"attachment-full size-full\" alt=\"\" srcset=\"https:\/\/pyromantic.show\/wp-content\/uploads\/2019\/11\/client3.png 329w, https:\/\/pyromantic.show\/wp-content\/uploads\/2019\/11\/client3-300x300.png 300w, https:\/\/pyromantic.show\/wp-content\/uploads\/2019\/11\/client3-150x150.png 150w\" sizes=\"auto, (max-width: 329px) 100vw, 329px\" \/><\/div><\/div><div class=\"swiper-slide\"><div style=\"--aspect-ratio: 16\/9;\"><img loading=\"lazy\" decoding=\"async\" width=\"329\" height=\"329\" src=\"https:\/\/pyromantic.show\/wp-content\/uploads\/2019\/11\/deloitte.png\" class=\"attachment-full size-full\" alt=\"\" srcset=\"https:\/\/pyromantic.show\/wp-content\/uploads\/2019\/11\/deloitte.png 329w, https:\/\/pyromantic.show\/wp-content\/uploads\/2019\/11\/deloitte-300x300.png 300w, https:\/\/pyromantic.show\/wp-content\/uploads\/2019\/11\/deloitte-150x150.png 150w\" sizes=\"auto, (max-width: 329px) 100vw, 329px\" \/><\/div><\/div><div class=\"swiper-slide\"><div style=\"--aspect-ratio: 16\/9;\"><img loading=\"lazy\" decoding=\"async\" width=\"329\" height=\"329\" src=\"https:\/\/pyromantic.show\/wp-content\/uploads\/2019\/11\/client1.png\" class=\"attachment-full size-full\" alt=\"\" srcset=\"https:\/\/pyromantic.show\/wp-content\/uploads\/2019\/11\/client1.png 329w, https:\/\/pyromantic.show\/wp-content\/uploads\/2019\/11\/client1-300x300.png 300w, https:\/\/pyromantic.show\/wp-content\/uploads\/2019\/11\/client1-150x150.png 150w\" sizes=\"auto, (max-width: 329px) 100vw, 329px\" \/><\/div><\/div><div class=\"swiper-slide\"><div style=\"--aspect-ratio: 16\/9;\"><img loading=\"lazy\" decoding=\"async\" width=\"600\" height=\"600\" src=\"https:\/\/pyromantic.show\/wp-content\/uploads\/2019\/11\/mind-logo-1.png\" class=\"attachment-full size-full\" alt=\"\" srcset=\"https:\/\/pyromantic.show\/wp-content\/uploads\/2019\/11\/mind-logo-1.png 600w, https:\/\/pyromantic.show\/wp-content\/uploads\/2019\/11\/mind-logo-1-300x300.png 300w, https:\/\/pyromantic.show\/wp-content\/uploads\/2019\/11\/mind-logo-1-150x150.png 150w\" sizes=\"auto, (max-width: 600px) 100vw, 600px\" \/><\/div><\/div><div class=\"swiper-slide\"><div style=\"--aspect-ratio: 16\/9;\"><img loading=\"lazy\" decoding=\"async\" width=\"600\" height=\"600\" src=\"https:\/\/pyromantic.show\/wp-content\/uploads\/2019\/11\/cssda-logo-1.png\" class=\"attachment-full size-full\" alt=\"\" srcset=\"https:\/\/pyromantic.show\/wp-content\/uploads\/2019\/11\/cssda-logo-1.png 600w, https:\/\/pyromantic.show\/wp-content\/uploads\/2019\/11\/cssda-logo-1-300x300.png 300w, https:\/\/pyromantic.show\/wp-content\/uploads\/2019\/11\/cssda-logo-1-150x150.png 150w\" sizes=\"auto, (max-width: 600px) 100vw, 600px\" \/><\/div><\/div><div class=\"swiper-slide\"><div style=\"--aspect-ratio: 16\/9;\"><img loading=\"lazy\" decoding=\"async\" width=\"600\" height=\"600\" src=\"https:\/\/pyromantic.show\/wp-content\/uploads\/2019\/11\/logo2.png\" class=\"attachment-full size-full\" alt=\"\" srcset=\"https:\/\/pyromantic.show\/wp-content\/uploads\/2019\/11\/logo2.png 600w, https:\/\/pyromantic.show\/wp-content\/uploads\/2019\/11\/logo2-300x300.png 300w, https:\/\/pyromantic.show\/wp-content\/uploads\/2019\/11\/logo2-150x150.png 150w\" sizes=\"auto, (max-width: 600px) 100vw, 600px\" \/><\/div><\/div><div class=\"swiper-slide\"><div style=\"--aspect-ratio: 16\/9;\"><img loading=\"lazy\" decoding=\"async\" width=\"329\" height=\"329\" src=\"https:\/\/pyromantic.show\/wp-content\/uploads\/2019\/11\/journey.png\" class=\"attachment-full size-full\" alt=\"\" srcset=\"https:\/\/pyromantic.show\/wp-content\/uploads\/2019\/11\/journey.png 329w, https:\/\/pyromantic.show\/wp-content\/uploads\/2019\/11\/journey-300x300.png 300w, https:\/\/pyromantic.show\/wp-content\/uploads\/2019\/11\/journey-150x150.png 150w\" sizes=\"auto, (max-width: 329px) 100vw, 329px\" \/><\/div><\/div><\/div><\/div><\/div>\n\n\n<div style=\"height:139px\" aria-hidden=\"true\" class=\"wp-block-spacer\"><\/div>\n\n\n\n<figure class=\"wp-block-gallery alignwide has-nested-images columns-default is-cropped is-style-rectangular wp-block-gallery-1 is-layout-flex wp-block-gallery-is-layout-flex\">\n<figure class=\"wp-block-image size-large\"><img loading=\"lazy\" decoding=\"async\" width=\"667\" height=\"1000\" data-id=\"1948\" src=\"https:\/\/pyromantic.show\/wp-content\/uploads\/2024\/05\/PyromanticFire_CamilleLaVerde_WithoutLogo_018.jpg\" alt=\"\" class=\"wp-image-1948\" srcset=\"https:\/\/pyromantic.show\/wp-content\/uploads\/2024\/05\/PyromanticFire_CamilleLaVerde_WithoutLogo_018.jpg 667w, https:\/\/pyromantic.show\/wp-content\/uploads\/2024\/05\/PyromanticFire_CamilleLaVerde_WithoutLogo_018-200x300.jpg 200w\" sizes=\"auto, (max-width: 667px) 100vw, 667px\" \/><\/figure>\n\n\n\n<figure class=\"wp-block-image size-large is-style-default\"><img loading=\"lazy\" decoding=\"async\" width=\"667\" height=\"1000\" data-id=\"1945\" src=\"https:\/\/pyromantic.show\/wp-content\/uploads\/2024\/05\/PyromanticFire_CamilleLaVerde_WithoutLogo_012.jpg\" alt=\"\" class=\"wp-image-1945\" srcset=\"https:\/\/pyromantic.show\/wp-content\/uploads\/2024\/05\/PyromanticFire_CamilleLaVerde_WithoutLogo_012.jpg 667w, https:\/\/pyromantic.show\/wp-content\/uploads\/2024\/05\/PyromanticFire_CamilleLaVerde_WithoutLogo_012-200x300.jpg 200w\" sizes=\"auto, (max-width: 667px) 100vw, 667px\" \/><\/figure>\n\n\n\n<figure class=\"wp-block-image size-large\"><img loading=\"lazy\" decoding=\"async\" width=\"667\" height=\"1000\" data-id=\"1944\" src=\"https:\/\/pyromantic.show\/wp-content\/uploads\/2024\/05\/PyromanticFire_CamilleLaVerde_WithoutLogo_010.jpg\" alt=\"\" class=\"wp-image-1944\" srcset=\"https:\/\/pyromantic.show\/wp-content\/uploads\/2024\/05\/PyromanticFire_CamilleLaVerde_WithoutLogo_010.jpg 667w, https:\/\/pyromantic.show\/wp-content\/uploads\/2024\/05\/PyromanticFire_CamilleLaVerde_WithoutLogo_010-200x300.jpg 200w\" sizes=\"auto, (max-width: 667px) 100vw, 667px\" \/><\/figure>\n\n\n\n<figure class=\"wp-block-image size-large\"><img loading=\"lazy\" decoding=\"async\" width=\"1024\" height=\"683\" data-id=\"1935\" src=\"https:\/\/pyromantic.show\/wp-content\/uploads\/2024\/05\/PyromanticFire_CamilleLaVerde_WithoutLogo_001-1-1024x683.jpg\" alt=\"\" class=\"wp-image-1935\" srcset=\"https:\/\/pyromantic.show\/wp-content\/uploads\/2024\/05\/PyromanticFire_CamilleLaVerde_WithoutLogo_001-1-1024x683.jpg 1024w, https:\/\/pyromantic.show\/wp-content\/uploads\/2024\/05\/PyromanticFire_CamilleLaVerde_WithoutLogo_001-1-300x200.jpg 300w, https:\/\/pyromantic.show\/wp-content\/uploads\/2024\/05\/PyromanticFire_CamilleLaVerde_WithoutLogo_001-1-768x512.jpg 768w, https:\/\/pyromantic.show\/wp-content\/uploads\/2024\/05\/PyromanticFire_CamilleLaVerde_WithoutLogo_001-1.jpg 1499w\" sizes=\"auto, (max-width: 1024px) 100vw, 1024px\" \/><\/figure>\n<\/figure>\n\n\n\n<div style=\"height:40px\" aria-hidden=\"true\" class=\"wp-block-spacer\"><\/div>\n\n\n\n<div style=\"height:100px\" aria-hidden=\"true\" class=\"wp-block-spacer\"><\/div>\n\n\n\n<div class=\"wp-block-cover alignfull has-parallax has-large-font-size\" style=\"min-height:650px;aspect-ratio:unset;\"><div class=\"wp-block-cover__image-background wp-image-1947 has-parallax\" style=\"background-position:50% 50%;background-image:url(https:\/\/pyromantic.show\/wp-content\/uploads\/2024\/05\/PyromanticFire_CamilleLaVerde_WithoutLogo_017.jpg)\"><\/div><span aria-hidden=\"true\" class=\"wp-block-cover__background has-background-dim-0 has-background-dim\" style=\"background-color:#895a3d\"><\/span><div class=\"wp-block-cover__inner-container is-layout-flow wp-block-cover-is-layout-flow\">\n<p class=\"has-text-align-center has-large-font-size\"><\/p>\n<\/div><\/div>\n\n\n\n<p class=\"has-text-align-center\"><\/p>\n\n\n\n<div style=\"height:77px\" aria-hidden=\"true\" class=\"wp-block-spacer\"><\/div>\n\n\n\n<div class=\"wp-block-columns alignwide are-vertically-aligned-top has-small-font-size is-layout-flex wp-container-core-columns-is-layout-9d6595d7 wp-block-columns-is-layout-flex\">\n<div class=\"wp-block-column is-vertically-aligned-top is-layout-flow wp-block-column-is-layout-flow\">\n<p class=\"has-text-align-center\">Standort<\/p>\n\n\n\n<p class=\"has-text-align-center\">Pyromantic GbR\u00a0<br>Sonnenallee 160<br>12059 Berlin<\/p>\n\n\n\n<div style=\"height:24px\" aria-hidden=\"true\" class=\"wp-block-spacer\"><\/div>\n<\/div>\n\n\n\n<div class=\"wp-block-column is-vertically-aligned-top is-layout-flow wp-block-column-is-layout-flow\">\n<p class=\"has-text-align-center\">Pages<\/p>\n\n\n<nav class=\"has-small-font-size items-justified-center is-vertical no-wrap wp-block-navigation is-content-justification-center is-nowrap is-layout-flex wp-container-core-navigation-is-layout-685400d0 wp-block-navigation-is-layout-flex\" aria-label=\"Navigation\"><ul class=\"wp-block-navigation__container has-small-font-size items-justified-center is-vertical no-wrap wp-block-navigation has-small-font-size\"><li class=\"has-small-font-size wp-block-navigation-item wp-block-navigation-link\"><a class=\"wp-block-navigation-item__content\"  href=\"https:\/\/pyromantic.show\/de\/\"><span class=\"wp-block-navigation-item__label\">HOME<\/span><\/a><\/li><li class=\"has-small-font-size wp-block-navigation-item wp-block-navigation-link\"><a class=\"wp-block-navigation-item__content\"  href=\"https:\/\/pyromantic.show\/de\/?page_id=1535\"><span class=\"wp-block-navigation-item__label\">LEBENDE LICHTER<\/span><\/a><\/li><li class=\"has-small-font-size wp-block-navigation-item wp-block-navigation-link\"><a class=\"wp-block-navigation-item__content\"  href=\"https:\/\/pyromantic.show\/de\/?page_id=1540\"><span class=\"wp-block-navigation-item__label\">FEUER SHOW<\/span><\/a><\/li><li class=\"has-small-font-size wp-block-navigation-item wp-block-navigation-link\"><a class=\"wp-block-navigation-item__content\"  href=\"https:\/\/pyromantic.show\/de\/?page_id=53\"><span class=\"wp-block-navigation-item__label\">KONTAKT<\/span><\/a><\/li><li class=\"has-small-font-size wp-block-navigation-item wp-block-navigation-link\"><a class=\"wp-block-navigation-item__content\"  href=\"https:\/\/pyromantic.show\/de\/?page_id=56\"><span class=\"wp-block-navigation-item__label\">\u00dcBER UNS<\/span><\/a><\/li><li class=\"has-small-font-size wp-block-navigation-item wp-block-navigation-link\"><a class=\"wp-block-navigation-item__content\"  href=\"https:\/\/pyromantic.show\/de\/?page_id=2182\"><span class=\"wp-block-navigation-item__label\">IMPRESSUM<\/span><\/a><\/li><\/ul><\/nav>\n\n\n<div style=\"height:24px\" aria-hidden=\"true\" class=\"wp-block-spacer\"><\/div>\n<\/div>\n\n\n\n<div class=\"wp-block-column is-vertically-aligned-top is-layout-flow wp-block-column-is-layout-flow\">\n<p class=\"has-text-align-center\">Folge uns<\/p>\n\n\n\n<div class=\"wp-block-group is-vertical is-content-justification-center is-layout-flex wp-container-core-group-is-layout-bdd043ae wp-block-group-is-layout-flex\">\n<p><a href=\"#\">Facebook<\/a><\/p>\n\n\n\n<p><a href=\"#\">Instagram<\/a><\/p>\n\n\n\n<p><a href=\"#\">Twitter<\/a><\/p>\n<\/div>\n\n\n\n<div style=\"height:24px\" aria-hidden=\"true\" class=\"wp-block-spacer\"><\/div>\n<\/div>\n<\/div>","protected":false},"excerpt":{"rendered":"<p>A transformative experience of power Let the sparks ignite a flame within you. Your inner&hellip;<\/p>","protected":false},"author":2,"featured_media":0,"parent":0,"menu_order":0,"comment_status":"closed","ping_status":"closed","template":"","meta":{"footnotes":""},"class_list":["post-1540","page","type-page","status-publish","hentry","has-content"],"jetpack_sharing_enabled":true,"_links":{"self":[{"href":"https:\/\/pyromantic.show\/de\/wp-json\/wp\/v2\/pages\/1540","targetHints":{"allow":["GET"]}}],"collection":[{"href":"https:\/\/pyromantic.show\/de\/wp-json\/wp\/v2\/pages"}],"about":[{"href":"https:\/\/pyromantic.show\/de\/wp-json\/wp\/v2\/types\/page"}],"author":[{"embeddable":true,"href":"https:\/\/pyromantic.show\/de\/wp-json\/wp\/v2\/users\/2"}],"replies":[{"embeddable":true,"href":"https:\/\/pyromantic.show\/de\/wp-json\/wp\/v2\/comments?post=1540"}],"version-history":[{"count":33,"href":"https:\/\/pyromantic.show\/de\/wp-json\/wp\/v2\/pages\/1540\/revisions"}],"predecessor-version":[{"id":2352,"href":"https:\/\/pyromantic.show\/de\/wp-json\/wp\/v2\/pages\/1540\/revisions\/2352"}],"wp:attachment":[{"href":"https:\/\/pyromantic.show\/de\/wp-json\/wp\/v2\/media?parent=1540"}],"curies":[{"name":"wp","href":"https:\/\/api.w.org\/{rel}","templated":true}]}}