{"id":2182,"date":"2024-09-27T10:24:10","date_gmt":"2024-09-27T10:24:10","guid":{"rendered":"https:\/\/pyromantic.show\/?page_id=2182"},"modified":"2025-09-16T20:24:56","modified_gmt":"2025-09-16T20:24:56","slug":"impressum","status":"publish","type":"page","link":"https:\/\/pyromantic.show\/de\/impressum\/","title":{"rendered":"IMPRESSUM"},"content":{"rendered":"<div class=\"wp-block-group\"><div class=\"wp-block-group__inner-container is-layout-constrained wp-block-group-is-layout-constrained\">\n<h5 class=\"wp-block-heading has-text-align-center has-vivid-purple-color has-text-color has-link-color wp-elements-8b4a64b2f2279a56830457f1627735c9\">Dienstanbieter<\/h5>\n\n\n\n<p class=\"has-text-align-center\">Pyromantic GbR<br>Sonnenallee 160<br>12059 Berlin<br>Deutschland<\/p>\n<\/div><\/div>\n\n\n\n<div style=\"height:40px\" aria-hidden=\"true\" class=\"wp-block-spacer\"><\/div>\n\n\n\n<h5 class=\"wp-block-heading has-text-align-center has-vivid-purple-color has-text-color has-link-color wp-elements-ff01664bfa30f5e66512e7649839edac\">Kontakt<\/h5>\n\n\n\n<p class=\"has-text-align-center\">info@pyromantic.show<br>Vertretungsberechtigte Person<br>Anja Sch\u00f6lpple (Gesch\u00e4ftsf\u00fchrerin)<br>Telefon: +49 176 976 355 33<\/p>\n\n\n\n<p class=\"has-text-align-center\"><\/p>\n\n\n\n<div style=\"height:40px\" aria-hidden=\"true\" class=\"wp-block-spacer\"><\/div>\n\n\n\n<h5 class=\"wp-block-heading has-text-align-center has-vivid-purple-color has-text-color has-link-color wp-elements-b8969c98090e2d7c09cb46d07b8fd757\">Versicherung<\/h5>\n\n\n\n<p class=\"has-text-align-center\">Berufshaftplichtversicherung<br>Ostangler Brandgilde VVaG<br>Flensburger Stra\u00dfe 5<br>D- 24367 Kappeln<\/p>\n\n\n\n<p class=\"has-text-align-center\">R\u00e4umliche Geltung:<br>weltweit au\u00dfer USA und Kanada<br>Flensburger Stra\u00dfe 5<br>D- 24367 Kappeln<\/p>\n\n\n\n<div style=\"height:40px\" aria-hidden=\"true\" class=\"wp-block-spacer\"><\/div>\n\n\n\n<h5 class=\"wp-block-heading has-text-align-center has-vivid-purple-color has-text-color has-link-color wp-elements-8fda9af9c29e9c22293d76306343a627\">Social Media<\/h5>\n\n\n\n<p class=\"has-text-align-center\">Instagram<\/p>\n\n\n\n<p class=\"has-text-align-center\">https:\/\/www.instagram.com\/pyromantic.performance<\/p>\n\n\n\n<p class=\"has-text-align-center\"><\/p>\n\n\n\n<p><\/p>\n\n\n\n<p><\/p>\n\n\n\n<p><\/p>","protected":false},"excerpt":{"rendered":"<p>Dienstanbieter Pyromantic GbRSonnenallee 16012059 BerlinDeutschland Kontakt info@pyromantic.showVertretungsberechtigte PersonAnja Sch\u00f6lpple (Gesch\u00e4ftsf\u00fchrerin)Telefon: +49 176 976 355 33&hellip;<\/p>","protected":false},"author":2,"featured_media":0,"parent":0,"menu_order":0,"comment_status":"closed","ping_status":"closed","template":"","meta":{"footnotes":""},"class_list":["post-2182","page","type-page","status-publish","hentry","has-content"],"jetpack_sharing_enabled":true,"_links":{"self":[{"href":"https:\/\/pyromantic.show\/de\/wp-json\/wp\/v2\/pages\/2182","targetHints":{"allow":["GET"]}}],"collection":[{"href":"https:\/\/pyromantic.show\/de\/wp-json\/wp\/v2\/pages"}],"about":[{"href":"https:\/\/pyromantic.show\/de\/wp-json\/wp\/v2\/types\/page"}],"author":[{"embeddable":true,"href":"https:\/\/pyromantic.show\/de\/wp-json\/wp\/v2\/users\/2"}],"replies":[{"embeddable":true,"href":"https:\/\/pyromantic.show\/de\/wp-json\/wp\/v2\/comments?post=2182"}],"version-history":[{"count":14,"href":"https:\/\/pyromantic.show\/de\/wp-json\/wp\/v2\/pages\/2182\/revisions"}],"predecessor-version":[{"id":2341,"href":"https:\/\/pyromantic.show\/de\/wp-json\/wp\/v2\/pages\/2182\/revisions\/2341"}],"wp:attachment":[{"href":"https:\/\/pyromantic.show\/de\/wp-json\/wp\/v2\/media?parent=2182"}],"curies":[{"name":"wp","href":"https:\/\/api.w.org\/{rel}","templated":true}]}}