{"id":56,"date":"2019-11-15T20:18:42","date_gmt":"2019-11-15T20:18:42","guid":{"rendered":"https:\/\/themerain.com\/demo\/scene\/?page_id=56"},"modified":"2025-11-05T13:51:21","modified_gmt":"2025-11-05T13:51:21","slug":"about","status":"publish","type":"page","link":"https:\/\/pyromantic.show\/de\/about\/","title":{"rendered":"\u00dcBER UNS"},"content":{"rendered":"<h3 class=\"wp-block-heading has-text-align-center has-vivid-purple-color has-text-color has-link-color wp-elements-cb657dc0e0896381dca49b3a5449e2a8\">\u201eJede hinreichend fortgeschrittene Technologie ist von Magie nicht zu unterscheiden.\u201c <\/h3>\n\n\n\n<h5 class=\"wp-block-heading has-text-align-center\">&#8211; <strong>Arthur C.<\/strong>&nbsp;<strong>Clarke<\/strong><\/h5>\n\n\n\n<div style=\"height:184px\" aria-hidden=\"true\" class=\"wp-block-spacer\"><\/div>\n\n\n\n<h2 class=\"wp-block-heading alignwide has-text-align-center\" id=\"we-re-a-studio-in-berlin-with-an-international-practice-in-architecture-urban-planning-and-interior-design-we-believe-in-sharing-knowledge-and-promoting-dialogue-to-increase-the-creative-potential-of-collaboration\">VISION<\/h2>\n\n\n\n<h5 class=\"wp-block-heading alignwide has-text-align-center\" id=\"we-re-a-studio-in-berlin-with-an-international-practice-in-architecture-urban-planning-and-interior-design-we-believe-in-sharing-knowledge-and-promoting-dialogue-to-increase-the-creative-potential-of-collaboration\">We create moments that ignite wonder.<br>At Pyromantic, our passion is to bring light, joy, and fascination to every event \u2014 a spark of inspiration that lingers long after the last flame fades.<br>We see ourselves not only as artists, but as reliable partners in crafting unforgettable experiences, transforming ideas into radiant spectacles that move, connect, and inspire.<\/h5>\n\n\n\n<div class=\"wp-block-group\"><div class=\"wp-block-group__inner-container is-layout-constrained wp-block-group-is-layout-constrained\">\n<p><\/p>\n<\/div><\/div>\n\n\n\n<div style=\"height:93px\" aria-hidden=\"true\" class=\"wp-block-spacer\"><\/div>\n\n\n\n<figure class=\"wp-block-gallery alignwide has-nested-images columns-3 is-cropped wp-block-gallery-1 is-layout-flex wp-block-gallery-is-layout-flex\">\n<figure class=\"wp-block-image size-full\"><img loading=\"lazy\" decoding=\"async\" width=\"800\" height=\"1200\" data-id=\"1997\" src=\"https:\/\/pyromantic.show\/wp-content\/uploads\/2024\/05\/PyromanticLED_CamilleLaVerde_WithoutLogo_006.jpg\" alt=\"\" class=\"wp-image-1997\" srcset=\"https:\/\/pyromantic.show\/wp-content\/uploads\/2024\/05\/PyromanticLED_CamilleLaVerde_WithoutLogo_006.jpg 800w, https:\/\/pyromantic.show\/wp-content\/uploads\/2024\/05\/PyromanticLED_CamilleLaVerde_WithoutLogo_006-200x300.jpg 200w, https:\/\/pyromantic.show\/wp-content\/uploads\/2024\/05\/PyromanticLED_CamilleLaVerde_WithoutLogo_006-683x1024.jpg 683w, https:\/\/pyromantic.show\/wp-content\/uploads\/2024\/05\/PyromanticLED_CamilleLaVerde_WithoutLogo_006-768x1152.jpg 768w\" sizes=\"auto, (max-width: 800px) 100vw, 800px\" \/><\/figure>\n\n\n\n<figure class=\"wp-block-image size-full\"><img loading=\"lazy\" decoding=\"async\" width=\"800\" height=\"1200\" data-id=\"1995\" src=\"https:\/\/pyromantic.show\/wp-content\/uploads\/2024\/05\/PyromanticLED_CamilleLaVerde_WithoutLogo_004.jpg\" alt=\"\" class=\"wp-image-1995\" srcset=\"https:\/\/pyromantic.show\/wp-content\/uploads\/2024\/05\/PyromanticLED_CamilleLaVerde_WithoutLogo_004.jpg 800w, https:\/\/pyromantic.show\/wp-content\/uploads\/2024\/05\/PyromanticLED_CamilleLaVerde_WithoutLogo_004-200x300.jpg 200w, https:\/\/pyromantic.show\/wp-content\/uploads\/2024\/05\/PyromanticLED_CamilleLaVerde_WithoutLogo_004-683x1024.jpg 683w, https:\/\/pyromantic.show\/wp-content\/uploads\/2024\/05\/PyromanticLED_CamilleLaVerde_WithoutLogo_004-768x1152.jpg 768w\" sizes=\"auto, (max-width: 800px) 100vw, 800px\" \/><\/figure>\n<\/figure>\n\n\n\n<div style=\"height:225px\" aria-hidden=\"true\" class=\"wp-block-spacer\"><\/div>\n\n\n\n<h2 class=\"wp-block-heading alignwide has-text-align-center\">Your dream show?<\/h2>\n\n\n\n<h2 class=\"wp-block-heading alignwide has-text-align-center\">So machen wir das!<\/h2>\n\n\n\n<div style=\"height:55px\" aria-hidden=\"true\" class=\"wp-block-spacer\"><\/div>\n\n\n\n<div class=\"wp-block-columns alignwide is-layout-flex wp-container-core-columns-is-layout-9d6595d7 wp-block-columns-is-layout-flex\">\n<div class=\"wp-block-column is-layout-flow wp-block-column-is-layout-flow\">\n<h5 class=\"wp-block-heading has-vivid-purple-color has-text-color has-link-color wp-elements-c1d543c764dba503f410a1a5473f6098\"><strong>INNEN &amp; AUSSEN<\/strong><\/h5>\n\n\n\n<p><strong>Wetterfestes Setup<\/strong> - Nur ein Wirbelsturm kann uns aufhalten<br><strong>Show area<\/strong> \u2013 Ideal: 8 x 10 meters<br><strong>Flexibel und zuverl\u00e4ssig<\/strong> - Wir finden immer eine L\u00f6sung<br>sodass die Show stattfinden kann <\/p>\n<\/div>\n\n\n\n<div class=\"wp-block-column is-layout-flow wp-block-column-is-layout-flow\">\n<h5 class=\"wp-block-heading has-vivid-purple-color has-text-color has-link-color wp-elements-b8d49008c0a852e3f950c68c33102f08\"><strong>SICHERHEIT<\/strong>FETY <\/h5>\n\n\n\n<p><strong>Fully insured<\/strong> \u2013 We prioritize safety for both our team and your event.<br><strong>Legal compliance<\/strong> \u2013 We handle registrations with authorities if needed.<br><strong>Risk assessment &amp; adaptation<\/strong> \u2013 We check for forest fire risks and adjust accordingly.<br><strong>Respect for the venue<\/strong> \u2013 We ensure our setup leaves no visual impact on the location<\/p>\n<\/div>\n\n\n\n<div class=\"wp-block-column is-layout-flow wp-block-column-is-layout-flow\">\n<h5 class=\"wp-block-heading has-vivid-purple-color has-text-color has-link-color wp-elements-9b7f13cd6c9f763144d16b10cb2b5af2\">PROFESSIONAL<\/h5>\n\n\n\n<p><strong>10+ years of experience<\/strong> \u2013 Delivering high-quality performances with expertise.<br><strong>Always punctual<\/strong> \u2013 We respect your schedule and arrive on time, every time.<br><strong>Clear &amp; active communication<\/strong> \u2013 Keeping you informed at every step.<br><strong>Reliable &amp; well-prepared<\/strong> \u2013 We bring everything needed for a seamless show.<br><strong>Adaptable &amp; solution-oriented<\/strong> \u2013 Ready to adjust to any event conditions.<\/p>\n\n\n\n<p><br><\/p>\n<\/div>\n<\/div>\n\n\n\n<div style=\"height:29px\" aria-hidden=\"true\" class=\"wp-block-spacer\"><\/div>\n\n\n\n<div class=\"wp-block-columns alignwide is-layout-flex wp-container-core-columns-is-layout-9d6595d7 wp-block-columns-is-layout-flex\">\n<div class=\"wp-block-column is-layout-flow wp-block-column-is-layout-flow\">\n<h5 class=\"wp-block-heading has-vivid-purple-color has-text-color has-link-color wp-elements-aba941a48ca6595a12ac3b8a8a99e359\">VOLLKOMMEN UNABH\u00c4NGIG<\/h5>\n\n\n\n<p><strong>Wir bringen alles mit<\/strong> - Tonanlage, Beleuchtung, Kabel und Regenschutz.<br><strong>Minimale Voraussetzungen<\/strong> - Best\u00e4tigen Sie einfach den Standort und sorgen Sie f\u00fcr einen Stromanschluss.<br><strong>Problemloses Erlebnis<\/strong> - Wir k\u00fcmmern uns um den Aufbau, w\u00e4hrend Sie Ihre Veranstaltung genie\u00dfen.<\/p>\n<\/div>\n\n\n\n<div class=\"wp-block-column is-layout-flow wp-block-column-is-layout-flow\">\n<h5 class=\"wp-block-heading has-vivid-purple-color has-text-color has-link-color wp-elements-4a2e817c3079b6bd83feea9314ce94de\">TAILORED FOR YOUR EVENT<\/h5>\n\n\n\n<p><strong>Kundenspezifische Feuer- und LED-Effekte<\/strong> - Ob es sich um einen Geburtstag, ein Firmenevent oder eine besondere Feier handelt, wir machen es einzigartig.<br><strong>Ihr Logo oder Foto auf der B\u00fchne<\/strong> - Live-Darstellung mit neuester Pixel-Technologie f\u00fcr eine pers\u00f6nliche Note<br><strong>Flammenwerfer<\/strong> - Wollen Sie mitspielen? Erhellen Sie den Moment mit feurigen Geburtstagsnummern.<br><strong>Kreativ &amp; anpassbar<\/strong> - Haben Sie eine Idee? Lassen Sie sie uns gemeinsam verwirklichen!<\/p>\n\n\n\n<p><br><\/p>\n<\/div>\n\n\n\n<div class=\"wp-block-column is-layout-flow wp-block-column-is-layout-flow\">\n<h5 class=\"wp-block-heading has-vivid-purple-color has-text-color has-link-color wp-elements-1097ef8d74fb8079c10e876bff805989\">WEDDINGS<\/h5>\n\n\n\n<p><strong>Feuer oder LED-Herz<\/strong> - Ein atemberaubendes Herzst\u00fcck f\u00fcr unvergessliche Fotos.<br><strong>Ihr Lieblingssong<\/strong> - Wir passen die Performance an Ihren besonderen Moment an.<br><strong>Personalisierte Visualisierungen<\/strong> - Ihre Namen oder Bilder erscheinen live mit unserer Pixel-Technologie.<br><strong>Eine gemeinsame Erfahrung<\/strong> - Wir stellen Wunderkerzen f\u00fcr alle G\u00e4ste bereit, um gemeinsam eine magische Atmosph\u00e4re zu schaffen.<\/p>\n<\/div>\n<\/div>\n\n\n\n<div style=\"height:111px\" aria-hidden=\"true\" class=\"wp-block-spacer\"><\/div>\n\n\n\n<div class=\"wp-block-cover alignfull\" style=\"margin-top:0;padding-top:5vw;padding-right:5vw;padding-bottom:5vw;padding-left:5vw\"><span aria-hidden=\"true\" class=\"wp-block-cover__background has-vivid-purple-background-color has-background-dim-100 has-background-dim\"><\/span><div class=\"wp-block-cover__inner-container is-layout-flow wp-block-cover-is-layout-flow\">\n<div class=\"wp-block-columns is-layout-flex wp-container-core-columns-is-layout-9d6595d7 wp-block-columns-is-layout-flex\">\n<div class=\"wp-block-column is-layout-flow wp-block-column-is-layout-flow\" style=\"flex-basis:50%\">\n<div class=\"wp-block-group is-layout-flex wp-container-core-group-is-layout-87ee99ac wp-block-group-is-layout-flex\">\n<div class=\"wp-block-group wp-container-content-8eb0bdf3\"><div class=\"wp-block-group__inner-container is-layout-flow wp-block-group-is-layout-flow\">\n<p class=\"wp-container-content-aeb25491\" style=\"font-size:17px;font-style:normal;font-weight:300;letter-spacing:0px;line-height:1.4;text-decoration:none;text-transform:none\"><strong>Bring me your Vision!<\/strong><\/p>\n\n\n\n<p class=\"wp-container-content-aeb25491\" style=\"font-size:17px;font-style:normal;font-weight:300;letter-spacing:0px;line-height:1.4;text-decoration:none;text-transform:none\">This show is exactly what you\u2019re looking for? Get a free and non-binding offer.<\/p>\n\n\n\n<div style=\"height:100px\" aria-hidden=\"true\" class=\"wp-block-spacer\"><\/div>\n\n\n\n<div class=\"wp-block-buttons has-custom-font-size has-medium-font-size is-layout-flex wp-block-buttons-is-layout-flex\">\n<div class=\"wp-block-button\"><a class=\"wp-block-button__link has-white-color has-black-background-color has-text-color has-background has-custom-font-size wp-element-button\" href=\"https:\/\/z4nw9ew8v9v.typeform.com\/to\/YB7mhHHp\" style=\"border-radius:0px;border-top-style:none;border-top-width:0px;border-right-style:none;border-right-width:0px;border-bottom-style:none;border-bottom-width:0px;border-left-style:none;border-left-width:0px;padding-top:14px;padding-right:36px;padding-bottom:14px;padding-left:36px;font-size:17px;font-style:normal;font-weight:700;letter-spacing:0px;text-decoration:none;text-transform:uppercase\" target=\"_blank\" rel=\"noreferrer noopener\">BOOK NOW<\/a><\/div>\n<\/div>\n<\/div><\/div>\n<\/div>\n<\/div>\n\n\n\n<div class=\"wp-block-column is-layout-flow wp-block-column-is-layout-flow\" style=\"flex-basis:50%\">\n<p class=\"has-text-align-right has-black-color has-text-color\" style=\"font-size:148px;font-style:normal;font-weight:700;letter-spacing:-5px;line-height:0.8;text-transform:uppercase\">BUCHE<\/p>\n\n\n\n<p class=\"has-text-align-right has-white-color has-text-color\" style=\"font-size:148px;font-style:normal;font-weight:700;letter-spacing:-5px;line-height:0.8;text-transform:uppercase\">UNS<\/p>\n\n\n\n<p class=\"has-text-align-right has-white-color has-text-color\" style=\"font-size:148px;font-style:normal;font-weight:700;letter-spacing:-5px;line-height:0.8;text-transform:uppercase\">JETZT<\/p>\n<\/div>\n<\/div>\n<\/div><\/div>\n\n\n\n<div style=\"height:100px\" aria-hidden=\"true\" class=\"wp-block-spacer\"><\/div>\n\n\n\n<div class=\"wp-block-columns alignwide are-vertically-aligned-top has-small-font-size is-layout-flex wp-container-core-columns-is-layout-9d6595d7 wp-block-columns-is-layout-flex\">\n<div class=\"wp-block-column is-vertically-aligned-top is-layout-flow wp-block-column-is-layout-flow\">\n<p class=\"has-text-align-center\">Standort<\/p>\n\n\n\n<p class=\"has-text-align-center\">Pyromantic GbR\u00a0<br>Sonnenallee 160<br>12059 Berlin<\/p>\n\n\n\n<div style=\"height:24px\" aria-hidden=\"true\" class=\"wp-block-spacer\"><\/div>\n<\/div>\n\n\n\n<div class=\"wp-block-column is-vertically-aligned-top is-layout-flow wp-block-column-is-layout-flow\">\n<p class=\"has-text-align-center\">Pages<\/p>\n\n\n<nav class=\"has-small-font-size items-justified-center is-vertical no-wrap wp-block-navigation is-content-justification-center is-nowrap is-layout-flex wp-container-core-navigation-is-layout-685400d0 wp-block-navigation-is-layout-flex\" aria-label=\"Navigation\"><ul class=\"wp-block-navigation__container has-small-font-size items-justified-center is-vertical no-wrap wp-block-navigation has-small-font-size\"><li class=\"has-small-font-size wp-block-navigation-item wp-block-navigation-link\"><a class=\"wp-block-navigation-item__content\"  href=\"https:\/\/pyromantic.show\/de\/\"><span class=\"wp-block-navigation-item__label\">HOME<\/span><\/a><\/li><li class=\"has-small-font-size wp-block-navigation-item wp-block-navigation-link\"><a class=\"wp-block-navigation-item__content\"  href=\"https:\/\/pyromantic.show\/de\/?page_id=1535\"><span class=\"wp-block-navigation-item__label\">LEBENDE LICHTER<\/span><\/a><\/li><li class=\"has-small-font-size wp-block-navigation-item wp-block-navigation-link\"><a class=\"wp-block-navigation-item__content\"  href=\"https:\/\/pyromantic.show\/de\/?page_id=1540\"><span class=\"wp-block-navigation-item__label\">FEUER SHOW<\/span><\/a><\/li><li class=\"has-small-font-size wp-block-navigation-item wp-block-navigation-link\"><a class=\"wp-block-navigation-item__content\"  href=\"https:\/\/pyromantic.show\/de\/?page_id=53\"><span class=\"wp-block-navigation-item__label\">KONTAKT<\/span><\/a><\/li><li class=\"has-small-font-size wp-block-navigation-item wp-block-navigation-link\"><a class=\"wp-block-navigation-item__content\"  href=\"https:\/\/pyromantic.show\/de\/?page_id=56\"><span class=\"wp-block-navigation-item__label\">\u00dcBER UNS<\/span><\/a><\/li><li class=\"has-small-font-size wp-block-navigation-item wp-block-navigation-link\"><a class=\"wp-block-navigation-item__content\"  href=\"https:\/\/pyromantic.show\/de\/?page_id=2182\"><span class=\"wp-block-navigation-item__label\">IMPRESSUM<\/span><\/a><\/li><\/ul><\/nav>\n\n\n<div style=\"height:24px\" aria-hidden=\"true\" class=\"wp-block-spacer\"><\/div>\n<\/div>\n\n\n\n<div class=\"wp-block-column is-vertically-aligned-top is-layout-flow wp-block-column-is-layout-flow\">\n<p class=\"has-text-align-center\">Folge uns<\/p>\n\n\n\n<div class=\"wp-block-group is-vertical is-content-justification-center is-layout-flex wp-container-core-group-is-layout-bdd043ae wp-block-group-is-layout-flex\">\n<p><a href=\"#\">Facebook<\/a><\/p>\n\n\n\n<p><a href=\"#\">Instagram<\/a><\/p>\n\n\n\n<p><a href=\"#\">Twitter<\/a><\/p>\n<\/div>\n\n\n\n<div style=\"height:24px\" aria-hidden=\"true\" class=\"wp-block-spacer\"><\/div>\n<\/div>\n<\/div>","protected":false},"excerpt":{"rendered":"<p>&#8220;Any sufficiently advanced technology is indistinguishable from magic.&#8221; &#8211; Arthur C.&nbsp;Clarke VISION We create moments&hellip;<\/p>","protected":false},"author":2,"featured_media":0,"parent":0,"menu_order":0,"comment_status":"closed","ping_status":"closed","template":"","meta":{"footnotes":""},"class_list":["post-56","page","type-page","status-publish","hentry","has-content"],"jetpack_sharing_enabled":true,"_links":{"self":[{"href":"https:\/\/pyromantic.show\/de\/wp-json\/wp\/v2\/pages\/56","targetHints":{"allow":["GET"]}}],"collection":[{"href":"https:\/\/pyromantic.show\/de\/wp-json\/wp\/v2\/pages"}],"about":[{"href":"https:\/\/pyromantic.show\/de\/wp-json\/wp\/v2\/types\/page"}],"author":[{"embeddable":true,"href":"https:\/\/pyromantic.show\/de\/wp-json\/wp\/v2\/users\/2"}],"replies":[{"embeddable":true,"href":"https:\/\/pyromantic.show\/de\/wp-json\/wp\/v2\/comments?post=56"}],"version-history":[{"count":51,"href":"https:\/\/pyromantic.show\/de\/wp-json\/wp\/v2\/pages\/56\/revisions"}],"predecessor-version":[{"id":2349,"href":"https:\/\/pyromantic.show\/de\/wp-json\/wp\/v2\/pages\/56\/revisions\/2349"}],"wp:attachment":[{"href":"https:\/\/pyromantic.show\/de\/wp-json\/wp\/v2\/media?parent=56"}],"curies":[{"name":"wp","href":"https:\/\/api.w.org\/{rel}","templated":true}]}}